{"id":102,"date":"2021-12-19T18:28:09","date_gmt":"2021-12-19T17:28:09","guid":{"rendered":"https:\/\/dev.lesguyards.com\/?page_id=102"},"modified":"2026-04-27T17:44:53","modified_gmt":"2026-04-27T15:44:53","slug":"compagnies","status":"publish","type":"page","link":"https:\/\/www.lesguyards.com\/index.php\/compagnies\/","title":{"rendered":"Compagnies"},"content":{"rendered":"\n<p>Avec ses infrastructures, son professionnalisme, et sa souplesse d\u2019organisation, notre centre accueille d\u00e9j\u00e0 de nombreuses compagnies a\u00e9riennes dans le cadre des stages d\u2019adaptation et de maintien des comp\u00e9tences de leur personnel navigant commercial et technique.<\/p>\n\n\n\n<p>Vous trouverez ci-dessous les compagnies qui nous accordent leur confiance depuis de nombreuses ann\u00e9es (15 ans pour certaines), mais \u00e9galement celles qui nous ont rejoint r\u00e9cemment.<\/p>\n\n\n\n<p>Nous leur adressons nos remerciements pour leur fid\u00e9lit\u00e9.<\/p>\n\n\n\n<p>Nous tester, c&rsquo;est nous adopter.<\/p>\n\n\n\n<h2>Compagnies Nationales<\/h2>\n\n\n\n<figure class=\"wp-block-table\"><table><tbody><tr><td class=\"has-text-align-center\" data-align=\"center\"><img loading=\"lazy\" width=\"300\" height=\"300\" class=\"wp-image-142\" style=\"width: 150px;\" src=\"https:\/\/dev.lesguyards.com\/wp-content\/uploads\/2021\/12\/00_airfrance.jpg\" alt=\"\" srcset=\"https:\/\/www.lesguyards.com\/wp-content\/uploads\/2021\/12\/00_airfrance.jpg 300w, https:\/\/www.lesguyards.com\/wp-content\/uploads\/2021\/12\/00_airfrance-150x150.jpg 150w\" sizes=\"(max-width: 300px) 100vw, 300px\" \/><\/td><td class=\"has-text-align-center\" data-align=\"center\"><img loading=\"lazy\" width=\"300\" height=\"300\" class=\"wp-image-144\" style=\"width: 150px;\" src=\"https:\/\/dev.lesguyards.com\/wp-content\/uploads\/2021\/12\/02_ASL.jpg\" alt=\"\" srcset=\"https:\/\/www.lesguyards.com\/wp-content\/uploads\/2021\/12\/02_ASL.jpg 300w, https:\/\/www.lesguyards.com\/wp-content\/uploads\/2021\/12\/02_ASL-150x150.jpg 150w\" sizes=\"(max-width: 300px) 100vw, 300px\" \/><\/td><td class=\"has-text-align-center\" data-align=\"center\"><img loading=\"lazy\" width=\"280\" height=\"280\" class=\"wp-image-221\" style=\"width: 150px;\" src=\"https:\/\/dev.lesguyards.com\/wp-content\/uploads\/2021\/12\/air-caraibes-vector-logo-small.png\" alt=\"\" srcset=\"https:\/\/www.lesguyards.com\/wp-content\/uploads\/2021\/12\/air-caraibes-vector-logo-small.png 280w, https:\/\/www.lesguyards.com\/wp-content\/uploads\/2021\/12\/air-caraibes-vector-logo-small-150x150.png 150w\" sizes=\"(max-width: 280px) 100vw, 280px\" \/><\/td><\/tr><tr><td class=\"has-text-align-center\" data-align=\"center\"><img src=\"https:\/\/dev.lesguyards.com\/wp-content\/uploads\/2021\/12\/aircorsica.png\" alt=\"\"><\/td><td class=\"has-text-align-center\" data-align=\"center\"><img loading=\"lazy\" width=\"300\" height=\"300\" class=\"wp-image-148\" style=\"width: 150px;\" src=\"https:\/\/dev.lesguyards.com\/wp-content\/uploads\/2021\/12\/07_air_austral.jpg\" alt=\"\" srcset=\"https:\/\/www.lesguyards.com\/wp-content\/uploads\/2021\/12\/07_air_austral.jpg 300w, https:\/\/www.lesguyards.com\/wp-content\/uploads\/2021\/12\/07_air_austral-150x150.jpg 150w\" sizes=\"(max-width: 300px) 100vw, 300px\" \/><\/td><td class=\"has-text-align-center\" data-align=\"center\"><img src=\"https:\/\/dev.lesguyards.com\/wp-content\/uploads\/2021\/12\/logo-corsair.jpg\" alt=\"\" style=\"width: 150px;\"><\/td><\/tr><tr><td class=\"has-text-align-center\" data-align=\"center\"><img src=\"https:\/\/dev.lesguyards.com\/wp-content\/uploads\/2021\/12\/LOGO-LA-COMPAGNIE.png\" alt=\"\" style=\"width: 150px;\"><\/td><td class=\"has-text-align-center\" data-align=\"center\"><\/td><td class=\"has-text-align-center\" data-align=\"center\"><\/td><\/tr><\/tbody><\/table><\/figure>\n\n\n\n<h2>Aviation d&rsquo;affaires<\/h2>\n\n\n\n<figure class=\"wp-block-table\"><table><tbody><tr><td class=\"has-text-align-center\" data-align=\"center\"><\/td><td class=\"has-text-align-center\" data-align=\"center\"><img loading=\"lazy\" width=\"512\" height=\"255\" class=\"wp-image-228\" style=\"width: 150px;\" src=\"https:\/\/dev.lesguyards.com\/wp-content\/uploads\/2021\/12\/Oyonnair.png\" alt=\"\" srcset=\"https:\/\/www.lesguyards.com\/wp-content\/uploads\/2021\/12\/Oyonnair.png 512w, https:\/\/www.lesguyards.com\/wp-content\/uploads\/2021\/12\/Oyonnair-300x149.png 300w\" sizes=\"(max-width: 512px) 100vw, 512px\" \/><\/td><td class=\"has-text-align-center\" data-align=\"center\"><\/td><\/tr><tr><td class=\"has-text-align-center\" data-align=\"center\"><img loading=\"lazy\" width=\"512\" height=\"512\" class=\"wp-image-226\" style=\"width: 150px;\" src=\"https:\/\/dev.lesguyards.com\/wp-content\/uploads\/2021\/12\/ixair.png\" alt=\"\" srcset=\"https:\/\/www.lesguyards.com\/wp-content\/uploads\/2021\/12\/ixair.png 512w, https:\/\/www.lesguyards.com\/wp-content\/uploads\/2021\/12\/ixair-300x300.png 300w, https:\/\/www.lesguyards.com\/wp-content\/uploads\/2021\/12\/ixair-150x150.png 150w\" sizes=\"(max-width: 512px) 100vw, 512px\" \/><\/td><td class=\"has-text-align-center\" data-align=\"center\"><img loading=\"lazy\" width=\"200\" height=\"200\" class=\"wp-image-225\" style=\"width: 150px;\" src=\"https:\/\/dev.lesguyards.com\/wp-content\/uploads\/2021\/12\/global-jet.png\" alt=\"\" srcset=\"https:\/\/www.lesguyards.com\/wp-content\/uploads\/2021\/12\/global-jet.png 200w, https:\/\/www.lesguyards.com\/wp-content\/uploads\/2021\/12\/global-jet-150x150.png 150w\" sizes=\"(max-width: 200px) 100vw, 200px\" \/><\/td><td class=\"has-text-align-center\" data-align=\"center\"><\/td><\/tr><tr><td class=\"has-text-align-center\" data-align=\"center\"><img loading=\"lazy\" width=\"200\" height=\"200\" class=\"wp-image-223\" style=\"width: 150px;\" src=\"https:\/\/dev.lesguyards.com\/wp-content\/uploads\/2021\/12\/aerovision.jpg\" alt=\"\" srcset=\"https:\/\/www.lesguyards.com\/wp-content\/uploads\/2021\/12\/aerovision.jpg 200w, https:\/\/www.lesguyards.com\/wp-content\/uploads\/2021\/12\/aerovision-150x150.jpg 150w\" sizes=\"(max-width: 200px) 100vw, 200px\" \/><\/td><td class=\"has-text-align-center\" data-align=\"center\"><\/td><td class=\"has-text-align-center\" data-align=\"center\"><\/td><\/tr><\/tbody><\/table><\/figure>\n\n\n\n<h2>Nos infrastructures comportent une espace d\u00e9di\u00e9 aux exercices d&rsquo;\u00e9vacuations et de manipulations des portes et issues.<\/h2>\n\n\n\n<p>PORTES : A318-319-320-321 &#8211; A310-330-340 &#8211; B737<\/p>\n\n\n\n<p><br>ISSUE TYPE III : A320 + NG<br>TOBOGGAN \/ TOBOGGAN CONVERTIBLE moyen et gros porteur<br>EVACUATIONS ATR<\/p>\n\n\n\n<figure class=\"wp-block-image size-full is-style-default\"><img loading=\"lazy\" width=\"329\" height=\"246\" src=\"https:\/\/www.lesguyards.com\/wp-content\/uploads\/2022\/03\/phoport.jpg\" alt=\"\" class=\"wp-image-334\" srcset=\"https:\/\/www.lesguyards.com\/wp-content\/uploads\/2022\/03\/phoport.jpg 329w, https:\/\/www.lesguyards.com\/wp-content\/uploads\/2022\/03\/phoport-300x224.jpg 300w\" sizes=\"(max-width: 329px) 100vw, 329px\" \/><\/figure>\n\n\n\n<h2>Un espace d\u00e9di\u00e9 aux exercices feu et fum\u00e9e.<\/h2>\n\n\n\n<ul><li>Cellule d&rsquo;avion pour les sc\u00e9narios dans un espace enfum\u00e9 ;<\/li><li>Salle feu avec 3 types de feux extincteurs ;<\/li><li>Cagoules de protection respiratoire.<\/li><\/ul>\n\n\n\n<figure class=\"wp-block-image size-full\"><img loading=\"lazy\" width=\"448\" height=\"252\" src=\"https:\/\/www.lesguyards.com\/wp-content\/uploads\/2021\/12\/SIEGEFUMEE-WEB.jpg\" alt=\"\" class=\"wp-image-68\" srcset=\"https:\/\/www.lesguyards.com\/wp-content\/uploads\/2021\/12\/SIEGEFUMEE-WEB.jpg 448w, https:\/\/www.lesguyards.com\/wp-content\/uploads\/2021\/12\/SIEGEFUMEE-WEB-300x169.jpg 300w\" sizes=\"(max-width: 448px) 100vw, 448px\" \/><\/figure>\n\n\n\n<p><\/p>\n\n\n\n<h2><strong>SIMULATEUR A320<\/strong><\/h2>\n\n\n\n<p><\/p>\n\n\n\n<p><strong>Cockpit&nbsp;<\/strong><\/p>\n\n\n\n<p>2 si\u00e8ges PNT \/ Interphone \/ PA \/&nbsp; \u00e9quipements s\u00e9curit\u00e9<\/p>\n\n\n\n<p><strong>2 offices compos\u00e9s chacun de&nbsp;:&nbsp;<\/strong><\/p>\n\n\n\n<p>2&nbsp; postes de travail PNC (avec FAP sur poste avant) \/ Interphone \/ PA \/ toilettes \/ trolleys<\/p>\n\n\n\n<p>2 portes 320 fonctionnelles c\u00f4t\u00e9 gauche \/ fictives c\u00f4t\u00e9 droite<\/p>\n\n\n\n<p><strong>Cabine passagers compos\u00e9e de&nbsp;:<\/strong><\/p>\n\n\n\n<p>36 si\u00e8ges avec gilets de sauvetage\/ hublots int\u00e9rieurs avec vid\u00e9os adapt\u00e9s aux scenarii &amp; caches hublots \/ PSU avec pr\u00e9sentation automatique des masques (pour sc\u00e9nario d\u00e9pressurisation)<\/p>\n\n\n\n<p>2 issues type III fictives<\/p>\n\n\n\n<p>Eclairage g\u00e9n\u00e9ral \/ Eclairage de secours \/ consignes lumineuses de s\u00e9curit\u00e9 \/ appels PAX \/<\/p>\n\n\n\n<p>Equipements de s\u00e9curit\u00e9 mobiles&nbsp;<\/p>\n\n\n\n<p>4 simulateurs feu \/ fum\u00e9e&nbsp;: toilette et four avant \/ coffre \u00e0 bagages \/ si\u00e8ge PAX<\/p>\n\n\n\n<p>      <\/p>\n\n\n\n<figure class=\"wp-block-gallery columns-1 is-cropped\"><ul class=\"blocks-gallery-grid\"><li class=\"blocks-gallery-item\"><figure><img loading=\"lazy\" width=\"724\" height=\"1024\" src=\"https:\/\/www.lesguyards.com\/wp-content\/uploads\/2026\/03\/simu-guyards-724x1024.jpg\" alt=\"\" data-id=\"679\" data-full-url=\"https:\/\/www.lesguyards.com\/wp-content\/uploads\/2026\/03\/simu-guyards.jpg\" data-link=\"https:\/\/www.lesguyards.com\/index.php\/compagnies\/simu-guyards\/\" class=\"wp-image-679\" srcset=\"https:\/\/www.lesguyards.com\/wp-content\/uploads\/2026\/03\/simu-guyards-724x1024.jpg 724w, https:\/\/www.lesguyards.com\/wp-content\/uploads\/2026\/03\/simu-guyards-212x300.jpg 212w, https:\/\/www.lesguyards.com\/wp-content\/uploads\/2026\/03\/simu-guyards-768x1086.jpg 768w, https:\/\/www.lesguyards.com\/wp-content\/uploads\/2026\/03\/simu-guyards-1087x1536.jpg 1087w, https:\/\/www.lesguyards.com\/wp-content\/uploads\/2026\/03\/simu-guyards-1449x2048.jpg 1449w, https:\/\/www.lesguyards.com\/wp-content\/uploads\/2026\/03\/simu-guyards.jpg 1547w\" sizes=\"(max-width: 724px) 100vw, 724px\" \/><figcaption class=\"blocks-gallery-item__caption\">Notre Simulateur Airbus A320<\/figcaption><\/figure><\/li><\/ul><\/figure>\n","protected":false},"excerpt":{"rendered":"<p>Avec ses infrastructures, son professionnalisme, et sa souplesse d\u2019organisation, notre centre accueille d\u00e9j\u00e0 de nombreuses compagnies a\u00e9riennes dans le cadre des stages d\u2019adaptation et de maintien des comp\u00e9tences de leur&hellip;<\/p>\n","protected":false},"author":1,"featured_media":0,"parent":0,"menu_order":0,"comment_status":"closed","ping_status":"closed","template":"","meta":[],"_links":{"self":[{"href":"https:\/\/www.lesguyards.com\/index.php\/wp-json\/wp\/v2\/pages\/102"}],"collection":[{"href":"https:\/\/www.lesguyards.com\/index.php\/wp-json\/wp\/v2\/pages"}],"about":[{"href":"https:\/\/www.lesguyards.com\/index.php\/wp-json\/wp\/v2\/types\/page"}],"author":[{"embeddable":true,"href":"https:\/\/www.lesguyards.com\/index.php\/wp-json\/wp\/v2\/users\/1"}],"replies":[{"embeddable":true,"href":"https:\/\/www.lesguyards.com\/index.php\/wp-json\/wp\/v2\/comments?post=102"}],"version-history":[{"count":30,"href":"https:\/\/www.lesguyards.com\/index.php\/wp-json\/wp\/v2\/pages\/102\/revisions"}],"predecessor-version":[{"id":709,"href":"https:\/\/www.lesguyards.com\/index.php\/wp-json\/wp\/v2\/pages\/102\/revisions\/709"}],"wp:attachment":[{"href":"https:\/\/www.lesguyards.com\/index.php\/wp-json\/wp\/v2\/media?parent=102"}],"curies":[{"name":"wp","href":"https:\/\/api.w.org\/{rel}","templated":true}]}}