{"id":107,"date":"2021-12-19T18:41:30","date_gmt":"2021-12-19T17:41:30","guid":{"rendered":"https:\/\/dev.lesguyards.com\/?page_id=107"},"modified":"2022-06-27T18:12:29","modified_gmt":"2022-06-27T16:12:29","slug":"plan-dacces","status":"publish","type":"page","link":"https:\/\/www.lesguyards.com\/index.php\/plan-dacces\/","title":{"rendered":"Plan d&rsquo;acc\u00e8s"},"content":{"rendered":"\n<iframe src=\"https:\/\/www.google.com\/maps\/embed?pb=!1m18!1m12!1m3!1d2632.0800259336606!2d2.4047302158402304!3d48.723062518179454!2m3!1f0!2f0!3f0!3m2!1i1024!2i768!4f13.1!3m3!1m2!1s0x47e6750f4846b75f%3A0xd3a1d9e79197c19b!2sB%C3%A2timent%20721%2C%2023%20Rue%20des%20Guyards%2C%2091200%20Athis-Mons!5e0!3m2!1sfr!2sfr!4v1639935666791!5m2!1sfr!2sfr\" style=\"border:0;\" allowfullscreen=\"\" loading=\"lazy\" width=\"600\" height=\"450\"><\/iframe>\n\n\n\n<h2>Par la route <\/h2>\n\n\n\n<p><span class=\"has-inline-color has-vivid-cyan-blue-color\">Depuis PARIS <\/span><\/p>\n\n\n\n<ul><li>Prendre la RN7, direction EVRY \/ ORLY<\/li><li>Apr\u00e8s \u00eatre pass\u00e9 sous l\u2019a\u00e9rogare d\u2019Orly (direction EVRY), au 1er feu prendre \u00e0 gauche<\/li><li>Au 1er rond-point prendre la 3\u00e8me sortie en face direction \u00ab\u00a0Athis-Mons centre\u00a0\u00bb puisaux rond-points suivants suivre \u00ab\u00a0Villeneuve-Le-Roi\u00a0\u00bb sur environ 3 km<\/li><li>Apr\u00e8s la concession RENAULT, au rond point prendre \u00e0 droite \u00ab\u00a0Parc TIVANO\u00a0\u00bb, puis \u00e0 gauche rue des Guyards.<\/li><li>Le centre de formation est le deuxi\u00e8me b\u00e2timent gris derri\u00e8re la station de lavage auto.<br>B\u00e2timent 722 \/ n\u00b0 23<\/li><\/ul>\n\n\n\n<p><span class=\"has-inline-color has-vivid-cyan-blue-color\">Depuis l&rsquo;A86<\/span><\/p>\n\n\n\n<p>Prendre la sortie RN7 direction ORLY\/ EVRY, puis suivre les indications ci-dessus.<\/p>\n\n\n\n<h2>Par le train<\/h2>\n\n\n\n<p><span class=\"has-inline-color has-vivid-cyan-blue-color\">Depuis PARIS\/ BANLIEUE<\/span><\/p>\n\n\n\n<ul><li>RER ligne C, direction Versailles Chantier<\/li><li>Arr\u00eat gare d&rsquo;ABLON<\/li><li>BUS n\u00b08, direction a\u00e9roport Orly Ouest<\/li><li>Arr\u00eat \u00ab\u00a0lesGuyards\u00a0\u00bb situ\u00e9 devant la station de lavage auto,<br>revenir sur la rue des Guyards, 2\u00e8me b^$atiment gris derri\u00e8re le centre de lavage auto.<br>B\u00e2timent 722 \/ n\u00b023<\/li><\/ul>\n\n\n\n<p>Sinon possibilit\u00e9 de vous rendre depuis la gare d&rsquo;ablon jusqu&rsquo;au centre \u00e0 pied (pr\u00e9voir 15 minutes) voir itin\u00e9raire pi\u00e9ton ci-dessous. (la station RER est \u00e0 droite au bout de la rue d\u2019Estienne d\u2019Orves et notre \u00e9cole \u00e0 gauche)<\/p>\n\n\n\n<h2>A pieds<span class=\"has-inline-color has-vivid-cyan-blue-color\"><\/span><\/h2>\n\n\n\n<div class=\"wp-block-file\"><a href=\"https:\/\/www.lesguyards.com\/wp-content\/uploads\/2021\/12\/acces-ablon-a-pieds-1.pdf\"><span class=\"has-inline-color has-vivid-cyan-blue-color\">Depuis Ablon<\/span><\/a><a href=\"https:\/\/www.lesguyards.com\/wp-content\/uploads\/2021\/12\/acces-ablon-a-pieds-1.pdf\" class=\"wp-block-file__button\" download>T\u00e9l\u00e9charger<\/a><\/div>\n\n\n\n<figure class=\"wp-block-image size-large\"><img loading=\"lazy\" width=\"1024\" height=\"616\" src=\"https:\/\/dev.lesguyards.com\/wp-content\/uploads\/2021\/12\/Capture-de\u0301cran-2021-12-19-a\u0300-18.56.06-1024x616.png\" alt=\"\" class=\"wp-image-119\" srcset=\"https:\/\/www.lesguyards.com\/wp-content\/uploads\/2021\/12\/Capture-de\u0301cran-2021-12-19-a\u0300-18.56.06-1024x616.png 1024w, https:\/\/www.lesguyards.com\/wp-content\/uploads\/2021\/12\/Capture-de\u0301cran-2021-12-19-a\u0300-18.56.06-300x181.png 300w, https:\/\/www.lesguyards.com\/wp-content\/uploads\/2021\/12\/Capture-de\u0301cran-2021-12-19-a\u0300-18.56.06-768x462.png 768w, https:\/\/www.lesguyards.com\/wp-content\/uploads\/2021\/12\/Capture-de\u0301cran-2021-12-19-a\u0300-18.56.06-1536x924.png 1536w, https:\/\/www.lesguyards.com\/wp-content\/uploads\/2021\/12\/Capture-de\u0301cran-2021-12-19-a\u0300-18.56.06-2048x1232.png 2048w, https:\/\/www.lesguyards.com\/wp-content\/uploads\/2021\/12\/Capture-de\u0301cran-2021-12-19-a\u0300-18.56.06-1920x1155.png 1920w\" sizes=\"(max-width: 1024px) 100vw, 1024px\" \/><\/figure>\n","protected":false},"excerpt":{"rendered":"<p>Par la route Depuis PARIS Prendre la RN7, direction EVRY \/ ORLY Apr\u00e8s \u00eatre pass\u00e9 sous l\u2019a\u00e9rogare d\u2019Orly (direction EVRY), au 1er feu prendre \u00e0 gauche Au 1er rond-point prendre&hellip;<\/p>\n","protected":false},"author":1,"featured_media":0,"parent":0,"menu_order":0,"comment_status":"closed","ping_status":"closed","template":"","meta":[],"_links":{"self":[{"href":"https:\/\/www.lesguyards.com\/index.php\/wp-json\/wp\/v2\/pages\/107"}],"collection":[{"href":"https:\/\/www.lesguyards.com\/index.php\/wp-json\/wp\/v2\/pages"}],"about":[{"href":"https:\/\/www.lesguyards.com\/index.php\/wp-json\/wp\/v2\/types\/page"}],"author":[{"embeddable":true,"href":"https:\/\/www.lesguyards.com\/index.php\/wp-json\/wp\/v2\/users\/1"}],"replies":[{"embeddable":true,"href":"https:\/\/www.lesguyards.com\/index.php\/wp-json\/wp\/v2\/comments?post=107"}],"version-history":[{"count":7,"href":"https:\/\/www.lesguyards.com\/index.php\/wp-json\/wp\/v2\/pages\/107\/revisions"}],"predecessor-version":[{"id":421,"href":"https:\/\/www.lesguyards.com\/index.php\/wp-json\/wp\/v2\/pages\/107\/revisions\/421"}],"wp:attachment":[{"href":"https:\/\/www.lesguyards.com\/index.php\/wp-json\/wp\/v2\/media?parent=107"}],"curies":[{"name":"wp","href":"https:\/\/api.w.org\/{rel}","templated":true}]}}