{"id":121,"date":"2021-12-19T19:20:28","date_gmt":"2021-12-19T18:20:28","guid":{"rendered":"https:\/\/dev.lesguyards.com\/?page_id=121"},"modified":"2021-12-19T19:20:28","modified_gmt":"2021-12-19T18:20:28","slug":"se-loger","status":"publish","type":"page","link":"https:\/\/www.lesguyards.com\/index.php\/se-loger\/","title":{"rendered":"Se loger"},"content":{"rendered":"\n<p>Liste des h\u00f4tels situ\u00e9s \u00e0 proximit\u00e9 du centre d&rsquo;examen d&rsquo;Athis-Mons :<\/p>\n\n\n\n<p>Les h\u00f4tels ci-dessous sont mis \u00e0 titre indicatif, aucun contrat ne relie notre \u00e9cole \u00e0 ceux-ci. Toutefois lors de votre r\u00e9servation bien indiquer que vous allez \u00eatre en formation au sein de notre organisme, certains effectuant un tarif pr\u00e9f\u00e9rentiel.<\/p>\n\n\n\n<h2><span class=\"has-inline-color has-vivid-cyan-blue-color\">Athis-Mons<\/span><\/h2>\n\n\n\n<p><strong>Chambres d&rsquo;h\u00f4tes<\/strong> \u00e0 10 minutes \u00e0 pied du centre.<\/p>\n\n\n\n<p><\/p>\n\n\n\n<h2><span class=\"has-inline-color has-vivid-cyan-blue-color\">Villeneuve-le-Roi<\/span><\/h2>\n\n\n\n<ul><li><strong>G\u00eete l&rsquo;aquarius<\/strong> : 1 g\u00eete de 4 \u00e0 6 personnes \/ 1 g\u00eete jusqu&rsquo;\u00e0 10 personnes (voiture, sinon bus en 15 minutes de l&rsquo;\u00e9cole)<\/li><li><strong>Formule 1<\/strong> : 08 91 70 54 29 (voiture obligatoire)<\/li><li><strong>Etap H\u00f4tels<\/strong> : 08 92 68 32 52 (voiture obligatoire)<\/li><\/ul>\n\n\n\n<h2><span class=\"has-inline-color has-vivid-cyan-blue-color\">Paray-Vieille-Poste<\/span><\/h2>\n\n\n\n<ul><li><strong>Howard H\u00f4tel<\/strong> **** (tarif pr\u00e9f\u00e9rentiel pour les \u00e9l\u00e8ves du centre) T\u00e9l : 01 60 48 77 00 (service navette pour le centre fonction des disponibilt\u00e9s, sinon bus) PLAN D&rsquo;ACCES<\/li><li><strong>H\u00f4tel Kyriad <\/strong>T\u00e9l : 01 69 38 30 00 (voiture obligatoire) PLAN D&rsquo;ACCES<\/li><\/ul>\n\n\n\n<h2><span class=\"has-inline-color has-vivid-cyan-blue-color\">Evry<\/span><\/h2>\n\n\n\n<ul><li><strong>R\u00e9sidence Montempo Apparthotel <\/strong>&#8211; 16 cours Blaise Pascal &#8211; 91000 EVRY T\u00e9l : 01 69 36 34 67<\/li><li>Voiture recommand\u00e9e (25 minutes du centre) sinon RER D \u00e0 proximit\u00e9 jusqu\u2019\u00e0 Juvisy, puis RER C jusqu\u2019\u00e0 Athis-Mons ou Ablon (voir plan d\u2019acc\u00e8s dans \u00ab nous situer \u00bb)<\/li><\/ul>\n\n\n\n<p><\/p>\n","protected":false},"excerpt":{"rendered":"<p>Liste des h\u00f4tels situ\u00e9s \u00e0 proximit\u00e9 du centre d&rsquo;examen d&rsquo;Athis-Mons : Les h\u00f4tels ci-dessous sont mis \u00e0 titre indicatif, aucun contrat ne relie notre \u00e9cole \u00e0 ceux-ci. Toutefois lors de&hellip;<\/p>\n","protected":false},"author":1,"featured_media":0,"parent":0,"menu_order":0,"comment_status":"closed","ping_status":"closed","template":"","meta":[],"_links":{"self":[{"href":"https:\/\/www.lesguyards.com\/index.php\/wp-json\/wp\/v2\/pages\/121"}],"collection":[{"href":"https:\/\/www.lesguyards.com\/index.php\/wp-json\/wp\/v2\/pages"}],"about":[{"href":"https:\/\/www.lesguyards.com\/index.php\/wp-json\/wp\/v2\/types\/page"}],"author":[{"embeddable":true,"href":"https:\/\/www.lesguyards.com\/index.php\/wp-json\/wp\/v2\/users\/1"}],"replies":[{"embeddable":true,"href":"https:\/\/www.lesguyards.com\/index.php\/wp-json\/wp\/v2\/comments?post=121"}],"version-history":[{"count":2,"href":"https:\/\/www.lesguyards.com\/index.php\/wp-json\/wp\/v2\/pages\/121\/revisions"}],"predecessor-version":[{"id":170,"href":"https:\/\/www.lesguyards.com\/index.php\/wp-json\/wp\/v2\/pages\/121\/revisions\/170"}],"wp:attachment":[{"href":"https:\/\/www.lesguyards.com\/index.php\/wp-json\/wp\/v2\/media?parent=121"}],"curies":[{"name":"wp","href":"https:\/\/api.w.org\/{rel}","templated":true}]}}