{"id":188,"date":"2021-12-20T11:11:05","date_gmt":"2021-12-20T10:11:05","guid":{"rendered":"https:\/\/dev.lesguyards.com\/?page_id=188"},"modified":"2021-12-20T11:11:05","modified_gmt":"2021-12-20T10:11:05","slug":"cca-pratique","status":"publish","type":"page","link":"https:\/\/www.lesguyards.com\/index.php\/cca-pratique\/","title":{"rendered":"CCA &#8211; Pratique"},"content":{"rendered":"\n<p>Le Centre Interlines des Guyards \u00e9tant centre d\u2019examen, vous aurez l\u2019avantage de vous entra\u00eener dans les conditions r\u00e9elles d\u2019examen. Nous sommes en mesure de vous placer en formation pratique environ 1 \u00e0 2 mois apr\u00e8s obtention de votre dipl\u00f4me th\u00e9orique.<\/p>\n","protected":false},"excerpt":{"rendered":"<p>Le Centre Interlines des Guyards \u00e9tant centre d\u2019examen, vous aurez l\u2019avantage de vous entra\u00eener dans les conditions r\u00e9elles d\u2019examen. Nous sommes en mesure de vous placer en formation pratique environ&hellip;<\/p>\n","protected":false},"author":1,"featured_media":0,"parent":0,"menu_order":0,"comment_status":"closed","ping_status":"closed","template":"","meta":[],"_links":{"self":[{"href":"https:\/\/www.lesguyards.com\/index.php\/wp-json\/wp\/v2\/pages\/188"}],"collection":[{"href":"https:\/\/www.lesguyards.com\/index.php\/wp-json\/wp\/v2\/pages"}],"about":[{"href":"https:\/\/www.lesguyards.com\/index.php\/wp-json\/wp\/v2\/types\/page"}],"author":[{"embeddable":true,"href":"https:\/\/www.lesguyards.com\/index.php\/wp-json\/wp\/v2\/users\/1"}],"replies":[{"embeddable":true,"href":"https:\/\/www.lesguyards.com\/index.php\/wp-json\/wp\/v2\/comments?post=188"}],"version-history":[{"count":1,"href":"https:\/\/www.lesguyards.com\/index.php\/wp-json\/wp\/v2\/pages\/188\/revisions"}],"predecessor-version":[{"id":189,"href":"https:\/\/www.lesguyards.com\/index.php\/wp-json\/wp\/v2\/pages\/188\/revisions\/189"}],"wp:attachment":[{"href":"https:\/\/www.lesguyards.com\/index.php\/wp-json\/wp\/v2\/media?parent=188"}],"curies":[{"name":"wp","href":"https:\/\/api.w.org\/{rel}","templated":true}]}}