{"id":192,"date":"2021-12-20T11:18:29","date_gmt":"2021-12-20T10:18:29","guid":{"rendered":"https:\/\/dev.lesguyards.com\/?page_id=192"},"modified":"2021-12-20T11:31:31","modified_gmt":"2021-12-20T10:31:31","slug":"qcm-en-ligne","status":"publish","type":"page","link":"https:\/\/www.lesguyards.com\/index.php\/qcm-en-ligne\/","title":{"rendered":"QCM en ligne"},"content":{"rendered":"\n<p>Des QCM en ligne tout au long de votre formation. Avec une base de donn\u00e9es de pr\u00e8s de 1800 questions. Vous pourrez vous tester sur chaque item abord\u00e9 : S\u00c9CURIT\u00c9 &#8211; SECOURISME ET CCA \u00e0  volont\u00e9.<\/p>\n","protected":false},"excerpt":{"rendered":"<p>Des QCM en ligne tout au long de votre formation. Avec une base de donn\u00e9es de pr\u00e8s de 1800 questions. Vous pourrez vous tester sur chaque item abord\u00e9 : S\u00c9CURIT\u00c9&hellip;<\/p>\n","protected":false},"author":1,"featured_media":0,"parent":0,"menu_order":0,"comment_status":"closed","ping_status":"closed","template":"","meta":[],"_links":{"self":[{"href":"https:\/\/www.lesguyards.com\/index.php\/wp-json\/wp\/v2\/pages\/192"}],"collection":[{"href":"https:\/\/www.lesguyards.com\/index.php\/wp-json\/wp\/v2\/pages"}],"about":[{"href":"https:\/\/www.lesguyards.com\/index.php\/wp-json\/wp\/v2\/types\/page"}],"author":[{"embeddable":true,"href":"https:\/\/www.lesguyards.com\/index.php\/wp-json\/wp\/v2\/users\/1"}],"replies":[{"embeddable":true,"href":"https:\/\/www.lesguyards.com\/index.php\/wp-json\/wp\/v2\/comments?post=192"}],"version-history":[{"count":2,"href":"https:\/\/www.lesguyards.com\/index.php\/wp-json\/wp\/v2\/pages\/192\/revisions"}],"predecessor-version":[{"id":197,"href":"https:\/\/www.lesguyards.com\/index.php\/wp-json\/wp\/v2\/pages\/192\/revisions\/197"}],"wp:attachment":[{"href":"https:\/\/www.lesguyards.com\/index.php\/wp-json\/wp\/v2\/media?parent=192"}],"curies":[{"name":"wp","href":"https:\/\/api.w.org\/{rel}","templated":true}]}}