{"id":2,"date":"2021-12-16T17:37:47","date_gmt":"2021-12-16T16:37:47","guid":{"rendered":"https:\/\/dev.lesguyards.com\/?page_id=2"},"modified":"2026-03-13T15:07:19","modified_gmt":"2026-03-13T14:07:19","slug":"page-d-exemple","status":"publish","type":"page","link":"https:\/\/www.lesguyards.com\/index.php\/page-d-exemple\/","title":{"rendered":"Pr\u00e9sentation"},"content":{"rendered":"\n<blockquote class=\"wp-block-quote\"><p>Le Centre Interlines des Guyards propose une formation professionnelle dispens\u00e9e par des formateurs passionn\u00e9s.<\/p><\/blockquote>\n\n\n\n<p>Vous d\u00e9sirez rejoindre le monde du Personnel Navigant Commercial et vous vous posez de nombreuses questions. O\u00f9 ? Quand ? Comment ?<\/p>\n\n\n\n<ul><li>Organisme de formation approuv\u00e9 DGAC pour le Certificat de Membre d&rsquo;Equipage de Cabine sous le num\u00e9ro FR.CCA.05 &#8211; (CCA)<\/li><li>Inscrit au RS 5548 fiche enregistr\u00e9e le 1er d\u00e9cembre 2021<\/li><li><a href=\"https:\/\/www.lesguyards.com\/wp-content\/uploads\/2024\/09\/Certificat-Qualiopi-et-Rapport-Audit-de-Surveillance-du-14-02-23.pdf\" data-type=\"URL\" data-id=\"https:\/\/www.lesguyards.com\/wp-content\/uploads\/2024\/09\/Certificat-Qualiopi-et-Rapport-Audit-de-Surveillance-du-14-02-23.pdf\">Certifi\u00e9 Qualiopi sous le num\u00e9ro 29920513-1<\/a><\/li><li><strong>un taux de r\u00e9ussite<\/strong> <strong>toujours en augmentation <\/strong>depuis 2004 ou nous d\u00e9butions avec<strong> 75% de r\u00e9ussite annuelle en 1\u00e8re pr\u00e9sentation aux examens th\u00e9orique comme pratique jusqu&rsquo;\u00e0 85 % sur l&rsquo;ann\u00e9e 2020, et actuellement 88% depuis janvier 2025<\/strong><\/li><li>Centre d\u2019examen au CCA pratique.<\/li><li>Centre de formation pour les compagnies a\u00e9riennes<\/li><\/ul>\n\n\n\n<p>Le centre Interlines des Guyards vous propose une formation&nbsp; professionnelle dans un esprit convivial gr\u00e2ce \u00e0 ses nombreux \u00e9quipements et \u00e0 son \u00e9quipe de formateurs passionn\u00e9s issue du monde de l&rsquo;a\u00e9ronautique.<\/p>\n\n\n\n<p>Pour tout conna\u00eetre sur le d\u00e9roulement, le co\u00fbt et les conditions de nos formations, rendez-vous sur \u00ab FORMATION CCA \u00bb<\/p>\n\n\n\n<figure class=\"wp-block-gallery columns-1 is-cropped\"><ul class=\"blocks-gallery-grid\"><li class=\"blocks-gallery-item\"><figure><img loading=\"lazy\" width=\"725\" height=\"1024\" src=\"https:\/\/www.lesguyards.com\/wp-content\/uploads\/2026\/03\/2024_Stat_exa_CCA_pratique_par_organismes_04_06_2025-725x1024.jpg\" alt=\"\" data-id=\"675\" data-full-url=\"https:\/\/www.lesguyards.com\/wp-content\/uploads\/2026\/03\/2024_Stat_exa_CCA_pratique_par_organismes_04_06_2025.jpg\" data-link=\"https:\/\/www.lesguyards.com\/index.php\/page-d-exemple\/2024_stat_exa_cca_pratique_par_organismes_04_06_2025-2\/\" class=\"wp-image-675\" srcset=\"https:\/\/www.lesguyards.com\/wp-content\/uploads\/2026\/03\/2024_Stat_exa_CCA_pratique_par_organismes_04_06_2025-725x1024.jpg 725w, https:\/\/www.lesguyards.com\/wp-content\/uploads\/2026\/03\/2024_Stat_exa_CCA_pratique_par_organismes_04_06_2025-212x300.jpg 212w, https:\/\/www.lesguyards.com\/wp-content\/uploads\/2026\/03\/2024_Stat_exa_CCA_pratique_par_organismes_04_06_2025-768x1085.jpg 768w, https:\/\/www.lesguyards.com\/wp-content\/uploads\/2026\/03\/2024_Stat_exa_CCA_pratique_par_organismes_04_06_2025-1087x1536.jpg 1087w, https:\/\/www.lesguyards.com\/wp-content\/uploads\/2026\/03\/2024_Stat_exa_CCA_pratique_par_organismes_04_06_2025-1449x2048.jpg 1449w, https:\/\/www.lesguyards.com\/wp-content\/uploads\/2026\/03\/2024_Stat_exa_CCA_pratique_par_organismes_04_06_2025.jpg 1655w\" sizes=\"(max-width: 725px) 100vw, 725px\" \/><\/figure><\/li><\/ul><\/figure>\n\n\n\n<p>Pour la formation&nbsp; CCA THEORIQUE, nous vous proposons \u00e9galement d&rsquo;autres centres, rendez-vous sur \u00ab\u00a0NOS CENTRES\u00a0\u00bb<\/p>\n\n\n\n<p>Vous \u00eates un exploitant, et vous avez besoins d&rsquo;\u00e9quipements sp\u00e9cifiques pour les entra\u00eenements pratiques de vos membres d&rsquo;\u00e9quipage, rendez-vous dans l&rsquo;onglet \u00ab\u00a0COMPAGNIES\u00a0\u00bb<\/p>\n\n\n\n<p><strong>Certifi\u00e9 Qualiopi sous le num\u00e9ro 29920513-1<\/strong><\/p>\n","protected":false},"excerpt":{"rendered":"<p>Le Centre Interlines des Guyards propose une formation professionnelle dispens\u00e9e par des formateurs passionn\u00e9s. Vous d\u00e9sirez rejoindre le monde du Personnel Navigant Commercial et vous vous posez de nombreuses questions.&hellip;<\/p>\n","protected":false},"author":1,"featured_media":0,"parent":0,"menu_order":0,"comment_status":"closed","ping_status":"open","template":"","meta":[],"_links":{"self":[{"href":"https:\/\/www.lesguyards.com\/index.php\/wp-json\/wp\/v2\/pages\/2"}],"collection":[{"href":"https:\/\/www.lesguyards.com\/index.php\/wp-json\/wp\/v2\/pages"}],"about":[{"href":"https:\/\/www.lesguyards.com\/index.php\/wp-json\/wp\/v2\/types\/page"}],"author":[{"embeddable":true,"href":"https:\/\/www.lesguyards.com\/index.php\/wp-json\/wp\/v2\/users\/1"}],"replies":[{"embeddable":true,"href":"https:\/\/www.lesguyards.com\/index.php\/wp-json\/wp\/v2\/comments?post=2"}],"version-history":[{"count":29,"href":"https:\/\/www.lesguyards.com\/index.php\/wp-json\/wp\/v2\/pages\/2\/revisions"}],"predecessor-version":[{"id":677,"href":"https:\/\/www.lesguyards.com\/index.php\/wp-json\/wp\/v2\/pages\/2\/revisions\/677"}],"wp:attachment":[{"href":"https:\/\/www.lesguyards.com\/index.php\/wp-json\/wp\/v2\/media?parent=2"}],"curies":[{"name":"wp","href":"https:\/\/api.w.org\/{rel}","templated":true}]}}