{"id":204,"date":"2021-12-20T12:01:09","date_gmt":"2021-12-20T11:01:09","guid":{"rendered":"https:\/\/dev.lesguyards.com\/?page_id=204"},"modified":"2021-12-20T12:14:59","modified_gmt":"2021-12-20T11:14:59","slug":"un-espace-dedie-aux-exercices-feu-et-fumee","status":"publish","type":"page","link":"https:\/\/www.lesguyards.com\/index.php\/un-espace-dedie-aux-exercices-feu-et-fumee\/","title":{"rendered":"Un espace d\u00e9di\u00e9 aux exercices feu et fum\u00e9e."},"content":{"rendered":"\n<ul><li>Cellule d\u2019avion pour les sc\u00e9narios dans un espace enfum\u00e9<\/li><li>Salle feu avec 3 types de feux extincteurs<\/li><li>Cagoules de protection respiratoire<\/li><\/ul>\n","protected":false},"excerpt":{"rendered":"<p>Cellule d\u2019avion pour les sc\u00e9narios dans un espace enfum\u00e9 Salle feu avec 3 types de feux extincteurs Cagoules de protection respiratoire<\/p>\n","protected":false},"author":1,"featured_media":0,"parent":0,"menu_order":0,"comment_status":"closed","ping_status":"closed","template":"","meta":[],"_links":{"self":[{"href":"https:\/\/www.lesguyards.com\/index.php\/wp-json\/wp\/v2\/pages\/204"}],"collection":[{"href":"https:\/\/www.lesguyards.com\/index.php\/wp-json\/wp\/v2\/pages"}],"about":[{"href":"https:\/\/www.lesguyards.com\/index.php\/wp-json\/wp\/v2\/types\/page"}],"author":[{"embeddable":true,"href":"https:\/\/www.lesguyards.com\/index.php\/wp-json\/wp\/v2\/users\/1"}],"replies":[{"embeddable":true,"href":"https:\/\/www.lesguyards.com\/index.php\/wp-json\/wp\/v2\/comments?post=204"}],"version-history":[{"count":2,"href":"https:\/\/www.lesguyards.com\/index.php\/wp-json\/wp\/v2\/pages\/204\/revisions"}],"predecessor-version":[{"id":212,"href":"https:\/\/www.lesguyards.com\/index.php\/wp-json\/wp\/v2\/pages\/204\/revisions\/212"}],"wp:attachment":[{"href":"https:\/\/www.lesguyards.com\/index.php\/wp-json\/wp\/v2\/media?parent=204"}],"curies":[{"name":"wp","href":"https:\/\/api.w.org\/{rel}","templated":true}]}}