{"id":23,"date":"2021-12-18T14:00:39","date_gmt":"2021-12-18T13:00:39","guid":{"rendered":"https:\/\/dev.lesguyards.com\/?page_id=23"},"modified":"2021-12-18T14:17:02","modified_gmt":"2021-12-18T13:17:02","slug":"formation-cca","status":"publish","type":"page","link":"https:\/\/www.lesguyards.com\/index.php\/formation-cca\/","title":{"rendered":"Formation CCA"},"content":{"rendered":"\n<blockquote class=\"wp-block-quote\"><p>Le certificat de membre d&rsquo;\u00e9quipage de cabine est un dipl\u00f4me Europ\u00e9en ouvert \u00e0 tous.<\/p><p>Il est exig\u00e9 pour exerc\u00e9 le m\u00e9tier de Personnel Naviguant Commercial.<\/p><\/blockquote>\n\n\n\n<p>Les candidats \u00e0 ce m\u00e9tier sont nombreux, la demande d\u00e9passe bien souvent l&rsquo;offre, nous vous conseillons vivement de lire attentivement les dispositions g\u00e9n\u00e9rales afin de ne pas vous engager \u00e0 tort dans une profession qui demande une grande capacit\u00e9 de communication, de pr\u00e9sentation et de coh\u00e9sion.<\/p>\n\n\n\n<p>De ce fait les crit\u00e8res retenus pour participer \u00e0 la formation CCA au sein de notre organisme sont :<\/p>\n\n\n\n<ul><li><strong>\u00eatre \u00e2g\u00e9 de 18 ans<\/strong><\/li><li><strong>savoir Nager (voir attestation natation dans dossier d&rsquo;inscription)<\/strong><\/li><\/ul>\n\n\n\n<p>Les formations dispens\u00e9es au Centre Interlines des Guyards sont ouvertes aux personnes b\u00e9n\u00e9ficiant d&rsquo;une RQTH (Reconnaissance Travailleur Handicap\u00e9) sous r\u00e9serve d&rsquo;une aptitude m\u00e9dicale propre au m\u00e9tier de Personnel Navigant Commercial (voir dispositions g\u00e9n\u00e9rales \/ visite m\u00e9dicale)<\/p>\n\n\n\n<p><\/p>\n\n\n\n<figure class=\"wp-block-image size-large is-style-default\"><img loading=\"lazy\" width=\"1024\" height=\"725\" src=\"https:\/\/dev.lesguyards.com\/wp-content\/uploads\/2021\/12\/Diplome-FAI-1024x725.jpg\" alt=\"\" class=\"wp-image-28\" srcset=\"https:\/\/www.lesguyards.com\/wp-content\/uploads\/2021\/12\/Diplome-FAI-1024x725.jpg 1024w, https:\/\/www.lesguyards.com\/wp-content\/uploads\/2021\/12\/Diplome-FAI-300x212.jpg 300w, https:\/\/www.lesguyards.com\/wp-content\/uploads\/2021\/12\/Diplome-FAI-768x544.jpg 768w, https:\/\/www.lesguyards.com\/wp-content\/uploads\/2021\/12\/Diplome-FAI.jpg 1194w\" sizes=\"(max-width: 1024px) 100vw, 1024px\" \/><\/figure>\n\n\n\n<p><\/p>\n\n\n\n<figure class=\"wp-block-image size-large\"><img loading=\"lazy\" width=\"1024\" height=\"725\" src=\"https:\/\/dev.lesguyards.com\/wp-content\/uploads\/2021\/12\/Statistiques_CCA-pratique-_2017-1024x725.jpg\" alt=\"\" class=\"wp-image-29\" srcset=\"https:\/\/www.lesguyards.com\/wp-content\/uploads\/2021\/12\/Statistiques_CCA-pratique-_2017-1024x725.jpg 1024w, https:\/\/www.lesguyards.com\/wp-content\/uploads\/2021\/12\/Statistiques_CCA-pratique-_2017-300x212.jpg 300w, https:\/\/www.lesguyards.com\/wp-content\/uploads\/2021\/12\/Statistiques_CCA-pratique-_2017-768x543.jpg 768w, https:\/\/www.lesguyards.com\/wp-content\/uploads\/2021\/12\/Statistiques_CCA-pratique-_2017-1536x1087.jpg 1536w, https:\/\/www.lesguyards.com\/wp-content\/uploads\/2021\/12\/Statistiques_CCA-pratique-_2017.jpg 1754w\" sizes=\"(max-width: 1024px) 100vw, 1024px\" \/><\/figure>\n","protected":false},"excerpt":{"rendered":"<p>Le certificat de membre d&rsquo;\u00e9quipage de cabine est un dipl\u00f4me Europ\u00e9en ouvert \u00e0 tous. Il est exig\u00e9 pour exerc\u00e9 le m\u00e9tier de Personnel Naviguant Commercial. Les candidats \u00e0 ce m\u00e9tier&hellip;<\/p>\n","protected":false},"author":1,"featured_media":0,"parent":0,"menu_order":0,"comment_status":"closed","ping_status":"closed","template":"","meta":[],"_links":{"self":[{"href":"https:\/\/www.lesguyards.com\/index.php\/wp-json\/wp\/v2\/pages\/23"}],"collection":[{"href":"https:\/\/www.lesguyards.com\/index.php\/wp-json\/wp\/v2\/pages"}],"about":[{"href":"https:\/\/www.lesguyards.com\/index.php\/wp-json\/wp\/v2\/types\/page"}],"author":[{"embeddable":true,"href":"https:\/\/www.lesguyards.com\/index.php\/wp-json\/wp\/v2\/users\/1"}],"replies":[{"embeddable":true,"href":"https:\/\/www.lesguyards.com\/index.php\/wp-json\/wp\/v2\/comments?post=23"}],"version-history":[{"count":3,"href":"https:\/\/www.lesguyards.com\/index.php\/wp-json\/wp\/v2\/pages\/23\/revisions"}],"predecessor-version":[{"id":30,"href":"https:\/\/www.lesguyards.com\/index.php\/wp-json\/wp\/v2\/pages\/23\/revisions\/30"}],"wp:attachment":[{"href":"https:\/\/www.lesguyards.com\/index.php\/wp-json\/wp\/v2\/media?parent=23"}],"curies":[{"name":"wp","href":"https:\/\/api.w.org\/{rel}","templated":true}]}}