{"id":234,"date":"2021-12-21T10:03:03","date_gmt":"2021-12-21T09:03:03","guid":{"rendered":"https:\/\/dev.lesguyards.com\/?page_id=234"},"modified":"2025-12-16T10:24:42","modified_gmt":"2025-12-16T09:24:42","slug":"inscription","status":"publish","type":"page","link":"https:\/\/www.lesguyards.com\/index.php\/inscription\/","title":{"rendered":"Inscription"},"content":{"rendered":"\n<p>Pour une inscription sur nos sites de : Lyon, Noum\u00e9a, saint-Denis de la r\u00e9union rendez-vous dans \u00ab\u00a0nos centres\u00a0\u00bb.<\/p>\n\n\n\n<p>Pour une inscription sur nos sites d&rsquo;Athis-Mons et Paris 17, suivre les indications ci-dessous :<\/p>\n\n\n\n<p>Dossiers \u00e0 retourner imp\u00e9rativement dans sa totalit\u00e9 au centre des Guyards \u00e0 l&rsquo;adresse ci-dessous :<br><\/p>\n\n\n\n<p><strong>Centre Interlines des Guyards<\/strong><br>Parc Tivano<br>23, rue des Guyards<br>91200 Athis-Mons<\/p>\n\n\n\n<p><\/p>\n\n\n\n<figure class=\"wp-block-table\"><table><tbody><tr><td class=\"has-text-align-center\" data-align=\"center\"><strong><span class=\"has-inline-color has-vivid-cyan-blue-color\"><a href=\"https:\/\/www.lesguyards.com\/index.php\/inscription-cca-theorique\/\" data-type=\"URL\" target=\"_blank\" rel=\"noreferrer noopener\">Inscription <\/a><a href=\"https:\/\/www.lesguyards.com\/index.php\/inscription\/\" data-type=\"URL\">CCA <\/a><a href=\"https:\/\/www.lesguyards.com\/index.php\/inscription-cca-theorique\/\" data-type=\"URL\">Th\u00e9orique <\/a><\/span><\/strong><\/td><td class=\"has-text-align-center\" data-align=\"center\"><span class=\"has-inline-color has-vivid-cyan-blue-color\"><strong><a href=\"https:\/\/www.lesguyards.com\/index.php\/formation-pratique-2\/\" data-type=\"URL\">Inscription CCA <\/a><a href=\"https:\/\/dev.lesguyards.com\/index.php\/inscription-cca-pratique\/\" data-type=\"URL\" data-id=\"https:\/\/dev.lesguyards.com\/index.php\/inscription-cca-pratique\/\">Pratique<\/a><\/strong><\/span><\/td><\/tr><\/tbody><\/table><\/figure>\n\n\n\n<p><\/p>\n","protected":false},"excerpt":{"rendered":"<p>Pour une inscription sur nos sites de : Lyon, Noum\u00e9a, saint-Denis de la r\u00e9union rendez-vous dans \u00ab\u00a0nos centres\u00a0\u00bb. Pour une inscription sur nos sites d&rsquo;Athis-Mons et Paris 17, suivre les&hellip;<\/p>\n","protected":false},"author":1,"featured_media":0,"parent":0,"menu_order":0,"comment_status":"closed","ping_status":"closed","template":"","meta":[],"_links":{"self":[{"href":"https:\/\/www.lesguyards.com\/index.php\/wp-json\/wp\/v2\/pages\/234"}],"collection":[{"href":"https:\/\/www.lesguyards.com\/index.php\/wp-json\/wp\/v2\/pages"}],"about":[{"href":"https:\/\/www.lesguyards.com\/index.php\/wp-json\/wp\/v2\/types\/page"}],"author":[{"embeddable":true,"href":"https:\/\/www.lesguyards.com\/index.php\/wp-json\/wp\/v2\/users\/1"}],"replies":[{"embeddable":true,"href":"https:\/\/www.lesguyards.com\/index.php\/wp-json\/wp\/v2\/comments?post=234"}],"version-history":[{"count":8,"href":"https:\/\/www.lesguyards.com\/index.php\/wp-json\/wp\/v2\/pages\/234\/revisions"}],"predecessor-version":[{"id":664,"href":"https:\/\/www.lesguyards.com\/index.php\/wp-json\/wp\/v2\/pages\/234\/revisions\/664"}],"wp:attachment":[{"href":"https:\/\/www.lesguyards.com\/index.php\/wp-json\/wp\/v2\/media?parent=234"}],"curies":[{"name":"wp","href":"https:\/\/api.w.org\/{rel}","templated":true}]}}