{"id":236,"date":"2021-12-21T10:08:18","date_gmt":"2021-12-21T09:08:18","guid":{"rendered":"https:\/\/dev.lesguyards.com\/?page_id=236"},"modified":"2024-07-10T11:56:33","modified_gmt":"2024-07-10T09:56:33","slug":"inscription-cca-pratique","status":"publish","type":"page","link":"https:\/\/www.lesguyards.com\/index.php\/inscription-cca-pratique\/","title":{"rendered":"Inscription CCA Pratique"},"content":{"rendered":"\n<h2><a href=\"https:\/\/www.lesguyards.com\/wp-content\/uploads\/2021\/12\/Dossier_inscription_CCA-Pratique_lesguyards.zip\" data-type=\"URL\">DOSSIER D&rsquo;INSCRIPTION A LA FORMATION CCA PRATIQUE<\/a><\/h2>\n\n\n\n<p>NB : Pour les candidats en formation au Centre des Guyards, le dossier d\u2019inscription \u00e0 l\u2019\u00e9preuve pratique sera constitu\u00e9 pendant la formation th\u00e9orique.<\/p>\n\n\n\n<p>Pour les candidats ayant effectu\u00e9 et obtenu leur th\u00e9orie au sein d\u2019un autre organisme de formation suivre les indications ci-dessous. <\/p>\n\n\n\n<p><strong><span class=\"has-inline-color has-vivid-cyan-blue-color\">Constitution du dossier : <\/span><\/strong><\/p>\n\n\n\n<ul><li>Redevance d\u2019examen DGAC* : facture de 280\u20ac \u00e0 r\u00e9gler en ligne sur le site redevances.dcs.aviation-civile.gouv.fr ou \u00ab\u00a0attestation des p\u00e9riodes d\u2019inscription\u00a0\u00bb, \u00e0 t\u00e9l\u00e9charger dans votre espace personnel France travail ;<\/li><li>Frais d\u2019examen du Centre d\u2019examen* (encaiss\u00e9s 1 semaine avant l\u2019examen) : 210\u20ac \u00e0 l\u2019ordre du centre des Guyards ;<\/li><li>Frais de formation : ch\u00e8que de 600 \u20ac \u00e0 l\u2019ordre du centre des Guyards (encaiss\u00e9s en fin de formation) ;<\/li><li>Attestation de piscine (\u00e0 t\u00e9l\u00e9charger ci-dessous) Seule \u00e9preuve \u00e9liminatoire de la partie pratique de votre CCA ;<\/li><li>Copie de votre dipl\u00f4me th\u00e9orique.<\/li><\/ul>\n\n\n\n<p><strong><span class=\"has-inline-color has-vivid-cyan-blue-color\">Adresse d\u2019envoi du dossier&nbsp;:<\/span><\/strong><\/p>\n\n\n\n<p class=\"has-text-align-center\"><strong>Centre Interlines des Guyards<\/strong><\/p>\n\n\n\n<p class=\"has-text-align-center\">Parc Tivano<\/p>\n\n\n\n<p class=\"has-text-align-center\">23 rue des Guyards<\/p>\n\n\n\n<p class=\"has-text-align-center\">91200 ATHIS-MONS<\/p>\n\n\n\n<div class=\"wp-block-buttons\">\n<div class=\"wp-block-button\"><a class=\"wp-block-button__link\" href=\"https:\/\/www.lesguyards.com\/wp-content\/uploads\/2024\/04\/FICHE-DINSCRIPTION-CCA-PRATIQUE.pdf\" target=\"_blank\" rel=\"noreferrer noopener\">Fiche d&rsquo;inscription CCA pratique<\/a><\/div>\n<\/div>\n\n\n\n<div class=\"wp-block-buttons\">\n<div class=\"wp-block-button\"><a class=\"wp-block-button__link\" href=\"https:\/\/www.lesguyards.com\/wp-content\/uploads\/2021\/12\/ATTESTATION-NATATION-1.pdf\" target=\"_blank\" rel=\"noreferrer noopener\">Attestation de natation<\/a><\/div>\n<\/div>\n\n\n\n<div class=\"wp-block-buttons\">\n<div class=\"wp-block-button\"><a class=\"wp-block-button__link\" href=\"https:\/\/www.lesguyards.com\/wp-content\/uploads\/2021\/12\/EXEMPLAIRE-DOC-POLE-EMPLOI-2.pdf\" target=\"_blank\" rel=\"noreferrer noopener\">Exemplaire document pole emploi<\/a><\/div>\n<\/div>\n\n\n\n<p>Si vous souhaitez utiliser vos heures CPF ou effectuer une demande d\u2019abondement \u00e0 France travail via le compte CPF, avant toute chose, nous retourner le dossier d\u2019inscription (afin de r\u00e9server votre place) sans r\u00e8glements, en nous indiquant que vous allez utiliser votre compte CPF. A r\u00e9ception de votre dossier nous vous enverrons alors le lien pour acc\u00e9der directement \u00e0 la session choisie sur le site du CPF.<\/p>\n\n\n\n<p>Attention en cas de d\u00e9sistement apr\u00e8s le d\u00e9p\u00f4t de votre dossier aupr\u00e8s de la DGAC (soit 1 mois avant la date d\u2019examen) les sommes de 280\u20ac et 210\u20ac ne seront pas rembours\u00e9es.<\/p>\n\n\n\n<p>Les demandes pour nos formations \u00e9tant nombreuses, pour la r\u00e9servation de votre stage, votre dossier doit imp\u00e9rativement \u00eatre complet.<\/p>\n\n\n\n<p>A r\u00e9ception de votre dossier nous vous contacterons pour convenir de votre date de stage et d\u2019examen.<\/p>\n","protected":false},"excerpt":{"rendered":"<p>DOSSIER D&rsquo;INSCRIPTION A LA FORMATION CCA PRATIQUE NB : Pour les candidats en formation au Centre des Guyards, le dossier d\u2019inscription \u00e0 l\u2019\u00e9preuve pratique sera constitu\u00e9 pendant la formation th\u00e9orique.&hellip;<\/p>\n","protected":false},"author":1,"featured_media":0,"parent":0,"menu_order":0,"comment_status":"closed","ping_status":"closed","template":"","meta":[],"_links":{"self":[{"href":"https:\/\/www.lesguyards.com\/index.php\/wp-json\/wp\/v2\/pages\/236"}],"collection":[{"href":"https:\/\/www.lesguyards.com\/index.php\/wp-json\/wp\/v2\/pages"}],"about":[{"href":"https:\/\/www.lesguyards.com\/index.php\/wp-json\/wp\/v2\/types\/page"}],"author":[{"embeddable":true,"href":"https:\/\/www.lesguyards.com\/index.php\/wp-json\/wp\/v2\/users\/1"}],"replies":[{"embeddable":true,"href":"https:\/\/www.lesguyards.com\/index.php\/wp-json\/wp\/v2\/comments?post=236"}],"version-history":[{"count":18,"href":"https:\/\/www.lesguyards.com\/index.php\/wp-json\/wp\/v2\/pages\/236\/revisions"}],"predecessor-version":[{"id":567,"href":"https:\/\/www.lesguyards.com\/index.php\/wp-json\/wp\/v2\/pages\/236\/revisions\/567"}],"wp:attachment":[{"href":"https:\/\/www.lesguyards.com\/index.php\/wp-json\/wp\/v2\/media?parent=236"}],"curies":[{"name":"wp","href":"https:\/\/api.w.org\/{rel}","templated":true}]}}