{"id":58,"date":"2021-12-18T17:42:13","date_gmt":"2021-12-18T16:42:13","guid":{"rendered":"https:\/\/dev.lesguyards.com\/?page_id=58"},"modified":"2023-01-10T16:21:36","modified_gmt":"2023-01-10T15:21:36","slug":"formation-theorique","status":"publish","type":"page","link":"https:\/\/www.lesguyards.com\/index.php\/formation-theorique\/","title":{"rendered":"Formation th\u00e9orique"},"content":{"rendered":"\n<h2>Dur\u00e9e et horaire du stage th\u00e9orique<\/h2>\n\n\n\n<p>Le stage th\u00e9orique s&rsquo;\u00e9tale sur 3 semaines avec 105 heures de cours. <\/p>\n\n\n\n<p>Du lundi au vendredi de 9h00 \u00e0 13h00 &amp; de 14h00 \u00e0 17h00.<\/p>\n\n\n\n<p><\/p>\n\n\n\n<h2>\u00c9valuation quotidienne et QCM en ligne<\/h2>\n\n\n\n<p>Tous les matins un test de 20 questions sur les sujets \u00e9tudi\u00e9s la veille. <\/p>\n\n\n\n<p>Des <strong>QCM<\/strong> en ligne sont disponibles pour des r\u00e9visions et auto test quotidien. Les QCM sont ouverts au fur et \u00e0 mesure des th\u00e8mes parcourus et \u00e0 disposition jusqu&rsquo;\u00e0 l&rsquo;examen final ( examen blanc en fin de formation ).<\/p>\n\n\n\n<div class=\"wp-block-buttons\">\n<div class=\"wp-block-button\"><a class=\"wp-block-button__link\" href=\"https:\/\/www.lesguyards.com\/index.php\/inscription-cca-theorique\/\">S&rsquo;inscrire<\/a><\/div>\n<\/div>\n\n\n\n<h2>D\u00e9roulement de la formation<\/h2>\n\n\n\n<p><span class=\"has-inline-color has-vivid-cyan-blue-color\"><strong>S\u00c9CURIT\u00c9 &#8211; 6 JOURS<\/strong> <\/span>(avec livret  &#8211; 240 pages)<\/p>\n\n\n\n<p>Objectif : avoir les connaissances requises en s\u00e9curit\u00e9 pour faire face \u00e0 toutes les situations aussi bien en proc\u00e9dures normales que d&rsquo;urgences telles que : <\/p>\n\n\n\n<ul><li>Les \u00e9l\u00e9ments qui constituent un a\u00e9ronef<\/li><li>La m\u00e9t\u00e9o<\/li><li>La r\u00e8glementation a\u00e9ronautique <\/li><li>Les \u00e9quipements de s\u00e9curit\u00e9 sauvetage (r\u00e8gles d&#8217;emport, visites pr\u00e9 vol, utilisations) <\/li><li>Les proc\u00e9dures normales de vol (briefing de l&rsquo;\u00e9quipage, visite pr\u00e9 vol, embarquement, consignes durant le vol\u2026) <\/li><li>Les proc\u00e9dures d&rsquo;urgence (mener une \u00e9vacuation terrestre ou maritime).<\/li><\/ul>\n\n\n\n<p><strong><span class=\"has-inline-color has-vivid-cyan-blue-color\">ASPECTS M\u00c9DICAUX ET PREMIERS SECOURS &#8211; 6 JOURS<\/span><\/strong> (avec livret &#8211; 250 pages)<\/p>\n\n\n\n<p>Objectif : avoir les connaissances requises en secourisme pour venir en aide \u00e0 un passager qui n\u00e9cessiterait des soins, telles que : <\/p>\n\n\n\n<ul><li>L&rsquo;anatomie humaine <\/li><li>Les \u00e9quipements de 1ers secours (savoir les utiliser) <\/li><li>Traiter tout type de blessures (par exemple des plaies superficielles, des br\u00fblures) <\/li><li>Traiter des h\u00e9morragies <\/li><li>Savoir reconnaitre les sympt\u00f4mes pathologiques pour agir en cons\u00e9quence, par exemple, malaise vagal, personne inconsciente, arr\u00eat cardiaque<\/li><\/ul>\n\n\n\n<p><strong><span class=\"has-inline-color has-vivid-cyan-blue-color\">FACTEURS HUMAIN &#8211; 2 JOURS<\/span><\/strong> (avec livret &#8211; 30 pages)<\/p>\n\n\n\n<p>Objectif : se conna\u00eetre (confiance, stress, fatigue) et conna\u00eetre les autres dans leur situation de vie et de travail, la relation avec autrui, l&rsquo;\u00e9coute (synergie, et communication)<\/p>\n\n\n\n<p><strong><span class=\"has-inline-color has-vivid-cyan-blue-color\">MARCHANDISES DANGEREUSES &#8211; 4 HEURES<\/span><\/strong> (avec livret &#8211; 45 pages)<\/p>\n\n\n\n<p>Objectifs de la formation : savoir reconnaitre les marquages et \u00e9tiquetages et agir en cons\u00e9quence.<\/p>\n\n\n\n<p><strong><span class=\"has-inline-color has-vivid-cyan-blue-color\">S\u00dbRET\u00c9 &#8211; 3 HEURES<\/span><\/strong> (avec livret &#8211; 22 pages) <br><\/p>\n\n\n\n<p>Objectif de la formation : conna\u00eetre les proc\u00e9dures et \u00e9quipements de s\u00fbret\u00e9 aussi bien a\u00e9roportuaires que dans l&rsquo;avion, comme par exemple faire respecter les proc\u00e9dures de s\u00fbret\u00e9 du poste de pilotage, les proc\u00e9dures de v\u00e9rification des badges \/ carte embarquement de toute personne entrant dans l&rsquo;avion.<\/p>\n\n\n\n<div class=\"wp-block-buttons\">\n<div class=\"wp-block-button\"><a class=\"wp-block-button__link\" href=\"https:\/\/dev.lesguyards.com\/index.php\/inscription\/\">S&rsquo;inscrire<\/a><\/div>\n<\/div>\n\n\n\n<figure class=\"wp-block-image size-full\"><img loading=\"lazy\" width=\"448\" height=\"252\" src=\"https:\/\/www.lesguyards.com\/wp-content\/uploads\/2021\/12\/SIEGEFUMEE-WEB.jpg\" alt=\"\" class=\"wp-image-68\" srcset=\"https:\/\/www.lesguyards.com\/wp-content\/uploads\/2021\/12\/SIEGEFUMEE-WEB.jpg 448w, https:\/\/www.lesguyards.com\/wp-content\/uploads\/2021\/12\/SIEGEFUMEE-WEB-300x169.jpg 300w\" sizes=\"(max-width: 448px) 100vw, 448px\" \/><\/figure>\n","protected":false},"excerpt":{"rendered":"<p>Dur\u00e9e et horaire du stage th\u00e9orique Le stage th\u00e9orique s&rsquo;\u00e9tale sur 3 semaines avec 105 heures de cours. Du lundi au vendredi de 9h00 \u00e0 13h00 &amp; de 14h00 \u00e0&hellip;<\/p>\n","protected":false},"author":1,"featured_media":0,"parent":0,"menu_order":0,"comment_status":"closed","ping_status":"closed","template":"","meta":[],"_links":{"self":[{"href":"https:\/\/www.lesguyards.com\/index.php\/wp-json\/wp\/v2\/pages\/58"}],"collection":[{"href":"https:\/\/www.lesguyards.com\/index.php\/wp-json\/wp\/v2\/pages"}],"about":[{"href":"https:\/\/www.lesguyards.com\/index.php\/wp-json\/wp\/v2\/types\/page"}],"author":[{"embeddable":true,"href":"https:\/\/www.lesguyards.com\/index.php\/wp-json\/wp\/v2\/users\/1"}],"replies":[{"embeddable":true,"href":"https:\/\/www.lesguyards.com\/index.php\/wp-json\/wp\/v2\/comments?post=58"}],"version-history":[{"count":13,"href":"https:\/\/www.lesguyards.com\/index.php\/wp-json\/wp\/v2\/pages\/58\/revisions"}],"predecessor-version":[{"id":490,"href":"https:\/\/www.lesguyards.com\/index.php\/wp-json\/wp\/v2\/pages\/58\/revisions\/490"}],"wp:attachment":[{"href":"https:\/\/www.lesguyards.com\/index.php\/wp-json\/wp\/v2\/media?parent=58"}],"curies":[{"name":"wp","href":"https:\/\/api.w.org\/{rel}","templated":true}]}}