{"id":67,"date":"2021-12-18T18:34:06","date_gmt":"2021-12-18T17:34:06","guid":{"rendered":"https:\/\/dev.lesguyards.com\/?page_id=67"},"modified":"2024-07-16T15:45:39","modified_gmt":"2024-07-16T13:45:39","slug":"formation-pratique","status":"publish","type":"page","link":"https:\/\/www.lesguyards.com\/index.php\/formation-pratique\/","title":{"rendered":"Formation pratique"},"content":{"rendered":"\n<p>Le Centre Interlines des Guyards \u00e9tant centre d\u2019examen, vous aurez l\u2019avantage de vous entra\u00eener dans les conditions r\u00e9elles d\u2019examen avec\u00a0\u00a0la garantie t\u2019avoir l\u2019int\u00e9gralit\u00e9 du mat\u00e9riels conforme aux exigences de la DGAC.<\/p>\n\n\n\n<p>Nous sommes en mesure de vous placer en formation pratique environ 1 \u00e0 2 mois apr\u00e8s obtention de votre dipl\u00f4me th\u00e9orique.<\/p>\n\n\n\n<h2>D\u00e9roulement de la formation<\/h2>\n\n\n\n<p><span class=\"has-inline-color has-vivid-cyan-blue-color\">S<strong>ECURITE : 3 JOURS<\/strong><\/span><\/p>\n\n\n\n<p>Objectifs de la formation : utiliser tous les \u00e9quipements de s\u00e9curit\u00e9 pr\u00e9sent \u00e0 bord d&rsquo;un avion tels que l&rsquo;oxyg\u00e8ne, les extincteurs, les gilets de sauvetage, les \u00e9quipements de survie, la balise de d\u00e9tresse, les moyens pyrotechniques, les proc\u00e9dures d&rsquo;\u00e9vacuation.<\/p>\n\n\n\n<p><br>Cheminer dans une cabine enfum\u00e9e et s&rsquo;\u00e9quiper d&rsquo;une protection respiratoire, \u00e9teindre des feux.<\/p>\n\n\n\n<p><br>Utilisation effective en milieu aquatique d&rsquo;un gilet et canot de sauvetage.<\/p>\n\n\n\n<p>Entra\u00eenement piscine le mardi matin de 8h \u00e0 9h (piscine municipale \u00e0 15 minutes en voiture du centre), attention \u00e9preuve chronom\u00e9tr\u00e9e et \u00e9liminatoire \u00e0 l&rsquo;examen. Toute attestation natation remise lors de l&rsquo;inscription avec un chronom\u00e8tre sup\u00e9rieur \u00e0 1 mn pour effectuer un 25 m\u00e8tres sur le dos en propulsion jambe uniquement risque d&rsquo;\u00eatre \u00e9liminatoire le jour de l&rsquo;examen, sachant que vous aurez \u00e0 tracter 1 personne sur cette m\u00eame distance en moins d&rsquo;1mn 30. Assurez vous donc d&rsquo;\u00eatre parfaitement \u00e0 l&rsquo;aise lors de cet exercice.<\/p>\n\n\n\n<p><strong><span class=\"has-inline-color has-vivid-cyan-blue-color\">ASPECTS MEDICAUX ET 1ER SECOURS : 3 JOURS<\/span><\/strong><\/p>\n\n\n\n<p>Objectifs de la formation : Effectuer une r\u00e9animation cardio respiratoire, traiter des malaises (vagal, inconscience, hyperventilation, t\u00e9tanie), soigner des plaies ou br\u00fblures superficielles, arr\u00eater une h\u00e9morragie, d\u00e9sobstruer les voies respiratoires d&rsquo;une personne s&rsquo;\u00e9touffant, effectuer tout type de bandages et attelles pour pouvoir soigner de la simple foulure \u00e0 la fracture, utiliser les m\u00e9dicaments de la trousse de 1ers secours ainsi que le tensiom\u00e8tre.<\/p>\n\n\n\n<figure class=\"wp-block-image size-full is-resized\"><img loading=\"lazy\" src=\"https:\/\/dev.lesguyards.com\/wp-content\/uploads\/2021\/12\/SIEGEFUMEE-WEB.jpg\" alt=\"\" class=\"wp-image-68\" width=\"641\" height=\"361\" srcset=\"https:\/\/www.lesguyards.com\/wp-content\/uploads\/2021\/12\/SIEGEFUMEE-WEB.jpg 448w, https:\/\/www.lesguyards.com\/wp-content\/uploads\/2021\/12\/SIEGEFUMEE-WEB-300x169.jpg 300w\" sizes=\"(max-width: 641px) 100vw, 641px\" \/><figcaption>Cabine enfum\u00e9e<\/figcaption><\/figure>\n","protected":false},"excerpt":{"rendered":"<p>Le Centre Interlines des Guyards \u00e9tant centre d\u2019examen, vous aurez l\u2019avantage de vous entra\u00eener dans les conditions r\u00e9elles d\u2019examen avec\u00a0\u00a0la garantie t\u2019avoir l\u2019int\u00e9gralit\u00e9 du mat\u00e9riels conforme aux exigences de la&hellip;<\/p>\n","protected":false},"author":1,"featured_media":0,"parent":0,"menu_order":0,"comment_status":"closed","ping_status":"closed","template":"","meta":[],"_links":{"self":[{"href":"https:\/\/www.lesguyards.com\/index.php\/wp-json\/wp\/v2\/pages\/67"}],"collection":[{"href":"https:\/\/www.lesguyards.com\/index.php\/wp-json\/wp\/v2\/pages"}],"about":[{"href":"https:\/\/www.lesguyards.com\/index.php\/wp-json\/wp\/v2\/types\/page"}],"author":[{"embeddable":true,"href":"https:\/\/www.lesguyards.com\/index.php\/wp-json\/wp\/v2\/users\/1"}],"replies":[{"embeddable":true,"href":"https:\/\/www.lesguyards.com\/index.php\/wp-json\/wp\/v2\/comments?post=67"}],"version-history":[{"count":4,"href":"https:\/\/www.lesguyards.com\/index.php\/wp-json\/wp\/v2\/pages\/67\/revisions"}],"predecessor-version":[{"id":569,"href":"https:\/\/www.lesguyards.com\/index.php\/wp-json\/wp\/v2\/pages\/67\/revisions\/569"}],"wp:attachment":[{"href":"https:\/\/www.lesguyards.com\/index.php\/wp-json\/wp\/v2\/media?parent=67"}],"curies":[{"name":"wp","href":"https:\/\/api.w.org\/{rel}","templated":true}]}}