{"id":71,"date":"2021-12-18T18:46:10","date_gmt":"2021-12-18T17:46:10","guid":{"rendered":"https:\/\/dev.lesguyards.com\/?page_id=71"},"modified":"2026-04-16T15:08:36","modified_gmt":"2026-04-16T13:08:36","slug":"calendrier","status":"publish","type":"page","link":"https:\/\/www.lesguyards.com\/index.php\/calendrier\/","title":{"rendered":"Calendrier"},"content":{"rendered":"\n<h2><span class=\"has-inline-color has-black-color\">CCA TH\u00c9ORIQUE <\/span>2026<\/h2>\n\n\n\n<p><\/p>\n\n\n\n<h2><span class=\"has-inline-color has-vivid-cyan-blue-color\">ATHIS-MONS<\/span><\/h2>\n\n\n\n<div class=\"wp-block-columns\">\n<div class=\"wp-block-column\" style=\"flex-basis:100%\">\n<div class=\"wp-block-columns\">\n<div class=\"wp-block-column\" style=\"flex-basis:100%\"><\/div>\n<\/div>\n<\/div>\n<\/div>\n\n\n\n<figure class=\"wp-block-table\"><table><tbody><tr><td><strong>Dates de formation<\/strong><\/td><td><strong>Examen<\/strong><\/td><td><strong>Inscription<\/strong><\/td><\/tr><tr><td>05\/01\/26 au 23\/01\/26<\/td><td>27\/01\/26<\/td><td><br>            <strong><span class=\"has-inline-color has-vivid-red-color\">COMPLET<\/span><\/strong><br><\/td><\/tr><tr><td><br>23\/02\/26 au 13\/03\/26<br>\ufeff<\/td><td><br>18\/03\/26<\/td><td><br>            <strong><span class=\"has-inline-color has-vivid-red-color\">COMPLET<\/span><\/strong><\/td><\/tr><tr><td><br>27\/03\/26 au 17\/04\/26<br>\ufeff<\/td><td><br>21\/04\/26<\/td><td><br>           <strong><span class=\"has-inline-color has-vivid-green-cyan-color\"> <strong><span class=\"has-inline-color has-vivid-red-color\">COMPLET<\/span><\/strong> <\/span><\/strong><\/td><\/tr><tr><td><br>16\/04\/26 au 07\/05\/26<br><\/td><td>12\/05\/26<\/td><td>           <strong><span class=\"has-inline-color has-vivid-green-cyan-color\"> <strong><span class=\"has-inline-color has-vivid-red-color\">COMPLET<\/span><\/strong> <\/span><\/strong> <\/td><\/tr><tr><td><br>18\/05\/26 au 05\/06\/26<br><\/td><td>09\/06\/26<\/td><td>            <strong><span class=\"has-inline-color has-vivid-green-cyan-color\"><strong><span class=\"has-inline-color has-vivid-red-color\">COMPLET<\/span><\/strong> <\/span><\/strong><\/td><\/tr><\/tbody><\/table><\/figure>\n\n\n\n<p><\/p>\n\n\n\n<p>\ufeff<\/p>\n\n\n\n<p id=\"block-01cbb736-ca8d-4e7f-89a1-42c817307ccd\">\ufeff<\/p>\n\n\n\n<h2><span class=\"has-inline-color has-vivid-cyan-blue-color\">PARIS <\/span><\/h2>\n\n\n\n<figure class=\"wp-block-table\"><table><tbody><tr><td> Dates de formation             <\/td><td><strong>Examen<\/strong>         <\/td><td><strong><strong>Inscription<\/strong><\/strong>                                            <\/td><\/tr><tr><td><br>Du  01\/09\/2025 au 19\/09\/25<br><\/td><td>23\/09\/2025<\/td><td>              <strong><span class=\"has-inline-color has-vivid-red-color\"><strong><span class=\"has-inline-color has-vivid-cyan-blue-color\">R\u00e9serv\u00e9  Air France<\/span><\/strong> <\/span><\/strong> <\/td><\/tr><tr><td>    <br> Du 19\/01\/2026 au 06\/02\/26<br><\/td><td>10\/02\/2026<\/td><td>                     <span class=\"has-inline-color has-vivid-red-color\"><strong>COMPLET<\/strong><\/span><\/td><\/tr><\/tbody><\/table><\/figure>\n\n\n\n<p><\/p>\n\n\n\n<p><\/p>\n\n\n\n<p><\/p>\n\n\n\n<p><\/p>\n\n\n\n<pre class=\"wp-block-verse has-text-align-center\"><\/pre>\n\n\n\n<h2><span class=\"has-inline-color has-vivid-cyan-blue-color\">NOUMEA<\/span><\/h2>\n\n\n\n<figure class=\"wp-block-table\"><table><tbody><tr><td><strong>\u00c9v\u00e9nement<\/strong><\/td><td><strong>Examen<\/strong><\/td><td><strong><strong>Inscription<\/strong><\/strong><\/td><\/tr><tr><td>Du 02\/02\/26 au 20\/02\/26<\/td><td>26\/02\/2026<\/td><td>     <strong><span class=\"has-inline-color has-vivid-green-cyan-color\">OUVERT<\/span><\/strong><\/td><\/tr><\/tbody><\/table><\/figure>\n\n\n\n<pre class=\"wp-block-verse has-text-align-center\"><\/pre>\n\n\n\n<hr class=\"wp-block-separator\"\/>\n\n\n\n<h2>CCA PRATIQUE<\/h2>\n\n\n\n<p>Les dates de formation vous seront communiqu\u00e9es durant votre formation th\u00e9orique.<\/p>\n\n\n\n<p>Notre centre \u00e9tant centre d\u2019examen pour la partie pratique du CCA, nous sommes en mesure de vous placer en formation environ 1 \u00e0 2 mois apr\u00e8s obtention de votre dipl\u00f4me th\u00e9orique.<\/p>\n\n\n\n<p>Pour les candidats n&rsquo;ayant pas effectu\u00e9 leur formation th\u00e9orique avec notre centre, merci de vous rendre sur \u00ab\u00a0DOSSIER D&rsquo;INSCRIPTION\u00a0\u00bb, \u00e0 r\u00e9ception de celui-ci nous vous contacterons pour vous proposer une date de formation et d&rsquo;examen.<\/p>\n","protected":false},"excerpt":{"rendered":"<p>CCA TH\u00c9ORIQUE 2026 ATHIS-MONS Dates de formation Examen Inscription 05\/01\/26 au 23\/01\/26 27\/01\/26 COMPLET 23\/02\/26 au 13\/03\/26\ufeff 18\/03\/26 COMPLET 27\/03\/26 au 17\/04\/26\ufeff 21\/04\/26 COMPLET 16\/04\/26 au 07\/05\/26 12\/05\/26 COMPLET 18\/05\/26&hellip;<\/p>\n","protected":false},"author":1,"featured_media":0,"parent":0,"menu_order":0,"comment_status":"closed","ping_status":"closed","template":"","meta":[],"_links":{"self":[{"href":"https:\/\/www.lesguyards.com\/index.php\/wp-json\/wp\/v2\/pages\/71"}],"collection":[{"href":"https:\/\/www.lesguyards.com\/index.php\/wp-json\/wp\/v2\/pages"}],"about":[{"href":"https:\/\/www.lesguyards.com\/index.php\/wp-json\/wp\/v2\/types\/page"}],"author":[{"embeddable":true,"href":"https:\/\/www.lesguyards.com\/index.php\/wp-json\/wp\/v2\/users\/1"}],"replies":[{"embeddable":true,"href":"https:\/\/www.lesguyards.com\/index.php\/wp-json\/wp\/v2\/comments?post=71"}],"version-history":[{"count":164,"href":"https:\/\/www.lesguyards.com\/index.php\/wp-json\/wp\/v2\/pages\/71\/revisions"}],"predecessor-version":[{"id":683,"href":"https:\/\/www.lesguyards.com\/index.php\/wp-json\/wp\/v2\/pages\/71\/revisions\/683"}],"wp:attachment":[{"href":"https:\/\/www.lesguyards.com\/index.php\/wp-json\/wp\/v2\/media?parent=71"}],"curies":[{"name":"wp","href":"https:\/\/api.w.org\/{rel}","templated":true}]}}