{"id":77,"date":"2021-12-18T19:05:04","date_gmt":"2021-12-18T18:05:04","guid":{"rendered":"https:\/\/dev.lesguyards.com\/?page_id=77"},"modified":"2024-07-10T11:52:28","modified_gmt":"2024-07-10T09:52:28","slug":"cout","status":"publish","type":"page","link":"https:\/\/www.lesguyards.com\/index.php\/cout\/","title":{"rendered":"Co\u00fbt"},"content":{"rendered":"\n<h4>&nbsp;CCA COMPLET th\u00e9orie + pratique : (Frais d&rsquo;examen inclus)<\/h4>\n\n\n\n<figure class=\"wp-block-table\"><table><tbody><tr><td><strong>CCA THEORIQUE Athis-Mons \/ Paris : 105 heures sur 3 semaines (livrets d\u2019apprentissage et acc\u00e8s \u00e0 notre site de QCM en ligne inclus)<\/strong> : &nbsp; Pour les tarifs de nos autres centres vous rendre dans la rubrique \u00ab\u00a0nos centres\u00a0\u00bb<\/td><td><strong>1100\u20ac<\/strong> &nbsp;<\/td><\/tr><tr><td>Redevance DSAC examen th\u00e9orique &nbsp;<\/td><td>&nbsp; 70\u20ac*<\/td><\/tr><tr><td><strong>CCA PRATIQUE : 43 heures sur 6 jours (livrets d\u2019apprentissage inclus)<\/strong> &nbsp;<\/td><td><strong>600\u20ac<\/strong><\/td><\/tr><tr><td>Participation aux frais d\u2019examen pratique du Centre des Guyards &nbsp;<\/td><td>210\u20ac<\/td><\/tr><tr><td>Redevance DGAC examen pratique<\/td><td>280\u20ac*<\/td><\/tr><\/tbody><\/table><\/figure>\n\n\n\n<h4><br>* Les personnes inscrites au p\u00f4le emploi peuvent b\u00e9n\u00e9ficier d&rsquo;une exon\u00e9ration des redevances DSAC \/ DGAC. Attention il ne s&rsquo;agit aucunement d&rsquo;une prise&nbsp; en charge, mais uniquement d&rsquo;une exon\u00e9ration de ces redevances du fait d&rsquo;\u00eatre inscrit sur la liste des demandeurs d&#8217;emploi.<\/h4>\n\n\n\n<h4>Pour cela joindre comme expliqu\u00e9 dans la rubrique \u00ab\u00a0dossier inscription\u00a0\u00bb, l&rsquo;attestation des p\u00e9riodes d&rsquo;inscriptions.<\/h4>\n\n\n\n<h2>COUT TOTAL DE LA FORMATION<\/h2>\n\n\n\n<p>Hors redevances d&rsquo;examen DSAC-DGAC : concerne les personnes inscrites \u00e0 France travail sont exon\u00e9r\u00e9es de cette redevance, voir conditions dans \u00ab\u00a0dossiers d&rsquo;inscription\u00a0\u00bb<br><span class=\"has-inline-color has-vivid-cyan-blue-color\">ATHIS-MONS \/ PARIS : 1.910\u20ac TTC<\/span><\/p>\n\n\n\n<p>Avec redevances d&rsquo;examen DSAC-DGAC : 350\u20ac = 70\u20ac (examen th\u00e9orique) \/ 280\u20ac (examen pratique)<br><span class=\"has-inline-color has-vivid-cyan-blue-color\">ATHIS-MONS \/ PARIS : 2.260 \u20ac TTC<\/span><\/p>\n","protected":false},"excerpt":{"rendered":"<p>&nbsp;CCA COMPLET th\u00e9orie + pratique : (Frais d&rsquo;examen inclus) CCA THEORIQUE Athis-Mons \/ Paris : 105 heures sur 3 semaines (livrets d\u2019apprentissage et acc\u00e8s \u00e0 notre site de QCM en&hellip;<\/p>\n","protected":false},"author":1,"featured_media":0,"parent":0,"menu_order":0,"comment_status":"closed","ping_status":"closed","template":"","meta":[],"_links":{"self":[{"href":"https:\/\/www.lesguyards.com\/index.php\/wp-json\/wp\/v2\/pages\/77"}],"collection":[{"href":"https:\/\/www.lesguyards.com\/index.php\/wp-json\/wp\/v2\/pages"}],"about":[{"href":"https:\/\/www.lesguyards.com\/index.php\/wp-json\/wp\/v2\/types\/page"}],"author":[{"embeddable":true,"href":"https:\/\/www.lesguyards.com\/index.php\/wp-json\/wp\/v2\/users\/1"}],"replies":[{"embeddable":true,"href":"https:\/\/www.lesguyards.com\/index.php\/wp-json\/wp\/v2\/comments?post=77"}],"version-history":[{"count":5,"href":"https:\/\/www.lesguyards.com\/index.php\/wp-json\/wp\/v2\/pages\/77\/revisions"}],"predecessor-version":[{"id":564,"href":"https:\/\/www.lesguyards.com\/index.php\/wp-json\/wp\/v2\/pages\/77\/revisions\/564"}],"wp:attachment":[{"href":"https:\/\/www.lesguyards.com\/index.php\/wp-json\/wp\/v2\/media?parent=77"}],"curies":[{"name":"wp","href":"https:\/\/api.w.org\/{rel}","templated":true}]}}