{"id":82,"date":"2021-12-18T19:30:16","date_gmt":"2021-12-18T18:30:16","guid":{"rendered":"https:\/\/dev.lesguyards.com\/?page_id=82"},"modified":"2024-07-10T11:55:30","modified_gmt":"2024-07-10T09:55:30","slug":"inscription-cca-theorique","status":"publish","type":"page","link":"https:\/\/www.lesguyards.com\/index.php\/inscription-cca-theorique\/","title":{"rendered":"Inscription CCA Th\u00e9orique"},"content":{"rendered":"\n<h2><span class=\"has-inline-color has-vivid-cyan-blue-color\"><a href=\"https:\/\/www.lesguyards.com\/wp-content\/uploads\/2021\/12\/Dossier_inscription_CCA_Theorique_lesguyards.zip\" data-type=\"URL\">DOSSIER D&rsquo;INSCRIPTION A LA FORMATION CCA THEORIQUE<\/a><\/span><\/h2>\n\n\n\n<p>Merci de t\u00e9l\u00e9charger et imprimer les pi\u00e8ces contenues dans le dossier d\u2019inscription t\u00e9l\u00e9chargeable en bas de page <strong>et retournez par courrier \u00e0 l\u2019adresse ci-dessous tous les \u00e9l\u00e9ments indiqu\u00e9s en page 2 de la convention de formation.<\/strong><\/p>\n\n\n\n<p><a><strong>Adresse d\u2019envoi du dossier&nbsp;:<\/strong><\/a><\/p>\n\n\n\n<p class=\"has-text-align-center\"><strong>Centre Interlines des Guyards<\/strong><\/p>\n\n\n\n<p class=\"has-text-align-center\">Parc Tivano<\/p>\n\n\n\n<p class=\"has-text-align-center\">23 rue des Guyards<\/p>\n\n\n\n<p class=\"has-text-align-center\">91200 ATHIS-MONS<\/p>\n\n\n\n<p class=\"has-text-align-center\"><\/p>\n\n\n\n<p><\/p>\n\n\n\n<p>Merci \u00e9galement d\u2019accompagner votre dossier d\u2019une lettre de motivation (manuscrite ou informatique) faisant notamment appara\u00eetre :<\/p>\n\n\n\n<ul><li>Votre int\u00e9r\u00eat et connaissances du m\u00e9tier de Personnel Navigant Commercial <\/li><li>Vos qualit\u00e9s personnelles, voir professionnelles en ad\u00e9quation avec le m\u00e9tier <\/li><li>Votre niveau d\u2019\u00e9tude et facilit\u00e9 \u00e0 assimiler un grand nombre d\u2019informations nouvelles en un laps de temps court (formation tr\u00e8s intensive n\u00e9cessitant un travail personnel important de 2h chaque soir apr\u00e8s 7h de cours, voir contenu dans Formation th\u00e9orique)<\/li><\/ul>\n\n\n\n<p><\/p>\n\n\n\n<p class=\"has-text-align-left\">Si vous souhaitez utiliser vos heures CPF ou effectuer un demande d&rsquo;abondement \u00e0 France travail via le compte CPF, avant toute chose, nous retourner le dossier d&rsquo;inscription (afin de r\u00e9server votre place) sans r\u00e9glements, en nous indiquant que vous allez utiliser votre compte CPF. A r\u00e9ception de votre dossier nous vous enverrons alors le lien pour acc\u00e9der directement \u00e0 la session choisie sur le site du CPF.<\/p>\n\n\n\n<p><span class=\"has-inline-color has-vivid-cyan-blue-color\">Les frais d\u2019examen DGAC ainsi que l\u2019acompte de 300\u20ac sont non remboursables en cas de d\u00e9sistement de votre part apr\u00e8s la date de cl\u00f4ture des inscriptions (voir calendrier des formations)<\/span><\/p>\n\n\n\n<p>Pour les candidats ag\u00e9s de moins de 25 ans et de nationalit\u00e9 fran\u00e7aise<\/p>\n\n\n\n<p><strong><span class=\"has-inline-color has-vivid-green-cyan-color\">J<\/span><\/strong><em><strong><span class=\"has-inline-color has-vivid-green-cyan-color\">oindre copie de la journ\u00e9e de d\u00e9fense et citoyennet\u00e9<\/span><\/strong><\/em><\/p>\n\n\n\n<p><\/p>\n\n\n\n<div class=\"wp-block-buttons\">\n<div class=\"wp-block-button\"><a class=\"wp-block-button__link\" href=\"https:\/\/www.lesguyards.com\/wp-content\/uploads\/2024\/04\/CONVENTION-DE-FORMATION-CCA-THEORIQUE-2018-03-02_modifiable8.pdf\" target=\"_blank\" rel=\"noreferrer noopener\">Convention de formation CCA th\u00e9orique<\/a><\/div>\n<\/div>\n\n\n\n<div class=\"wp-block-buttons\">\n<div class=\"wp-block-button\"><a class=\"wp-block-button__link\" href=\"https:\/\/www.lesguyards.com\/wp-content\/uploads\/2021\/12\/FORMULAIRE-EXAMEN-THEORIQUE.pdf\" target=\"_blank\" rel=\"noreferrer noopener\">Fiche d&rsquo;inscription DGAC<\/a><\/div>\n<\/div>\n\n\n\n<div class=\"wp-block-buttons\">\n<div class=\"wp-block-button\"><a class=\"wp-block-button__link\" href=\"https:\/\/www.lesguyards.com\/wp-content\/uploads\/2021\/12\/REGLEMENT-INTERIEUR-FORMATION-CCA.pdf\" target=\"_blank\" rel=\"noreferrer noopener\">R\u00e9glement Int\u00e9rieur Th\u00e9orique<\/a><\/div>\n<\/div>\n\n\n\n<div class=\"wp-block-buttons\">\n<div class=\"wp-block-button\"><a class=\"wp-block-button__link\" href=\"https:\/\/www.lesguyards.com\/wp-content\/uploads\/2021\/12\/ATTESTATION-NATATION-1.pdf\" target=\"_blank\" rel=\"noreferrer noopener\">Attestation de Natation<\/a><\/div>\n<\/div>\n\n\n\n<div class=\"wp-block-buttons\">\n<div class=\"wp-block-button\"><a class=\"wp-block-button__link\" href=\"https:\/\/www.lesguyards.com\/wp-content\/uploads\/2021\/12\/EXEMPLAIRE-DOC-POLE-EMPLOI-2.pdf\" target=\"_blank\" rel=\"noreferrer noopener\">Exemplaire document P\u00f4le emploi<\/a><\/div>\n<\/div>\n","protected":false},"excerpt":{"rendered":"<p>DOSSIER D&rsquo;INSCRIPTION A LA FORMATION CCA THEORIQUE Merci de t\u00e9l\u00e9charger et imprimer les pi\u00e8ces contenues dans le dossier d\u2019inscription t\u00e9l\u00e9chargeable en bas de page et retournez par courrier \u00e0 l\u2019adresse&hellip;<\/p>\n","protected":false},"author":1,"featured_media":0,"parent":0,"menu_order":0,"comment_status":"closed","ping_status":"closed","template":"","meta":[],"_links":{"self":[{"href":"https:\/\/www.lesguyards.com\/index.php\/wp-json\/wp\/v2\/pages\/82"}],"collection":[{"href":"https:\/\/www.lesguyards.com\/index.php\/wp-json\/wp\/v2\/pages"}],"about":[{"href":"https:\/\/www.lesguyards.com\/index.php\/wp-json\/wp\/v2\/types\/page"}],"author":[{"embeddable":true,"href":"https:\/\/www.lesguyards.com\/index.php\/wp-json\/wp\/v2\/users\/1"}],"replies":[{"embeddable":true,"href":"https:\/\/www.lesguyards.com\/index.php\/wp-json\/wp\/v2\/comments?post=82"}],"version-history":[{"count":29,"href":"https:\/\/www.lesguyards.com\/index.php\/wp-json\/wp\/v2\/pages\/82\/revisions"}],"predecessor-version":[{"id":566,"href":"https:\/\/www.lesguyards.com\/index.php\/wp-json\/wp\/v2\/pages\/82\/revisions\/566"}],"wp:attachment":[{"href":"https:\/\/www.lesguyards.com\/index.php\/wp-json\/wp\/v2\/media?parent=82"}],"curies":[{"name":"wp","href":"https:\/\/api.w.org\/{rel}","templated":true}]}}