{"id":86,"date":"2021-12-19T17:41:46","date_gmt":"2021-12-19T16:41:46","guid":{"rendered":"https:\/\/dev.lesguyards.com\/?page_id=86"},"modified":"2022-06-27T18:00:16","modified_gmt":"2022-06-27T16:00:16","slug":"prepas-selection","status":"publish","type":"page","link":"https:\/\/www.lesguyards.com\/index.php\/prepas-selection\/","title":{"rendered":"Pr\u00e9pas s\u00e9lection"},"content":{"rendered":"\n<h2><a href=\"https:\/\/www.lesguyards.com\/wp-content\/uploads\/2021\/12\/FICHE-DINSCRIPTION-PREPA-SELEC.pdf\" data-type=\"URL\">Fiche d&rsquo;inscription de pr\u00e9paration aux S\u00e9lections<\/a><\/h2>\n\n\n\n<p>Vous \u00eates en train de passer votre CCA ou venez de le passer avec succ\u00e8s, ne perdez pas de temps, abordez d\u00e8s maintenant l&rsquo;\u00e9tape primordiale de votre parcours :<\/p>\n\n\n\n<p><strong>La s\u00e9lection d&#8217;embauche dans une compagnie a\u00e9rienne.<\/strong><\/p>\n\n\n\n<div class=\"wp-block-file\"><a href=\"https:\/\/www.lesguyards.com\/wp-content\/uploads\/2021\/12\/FICHE-DINSCRIPTION-PREPA-SELEC.pdf\">T\u00e9l\u00e9charger la fiche d&rsquo;inscription de pr\u00e9paration aux s\u00e9lections<\/a><a href=\"https:\/\/www.lesguyards.com\/wp-content\/uploads\/2021\/12\/FICHE-DINSCRIPTION-PREPA-SELEC.pdf\" class=\"wp-block-file__button\" download>T\u00e9l\u00e9charger<\/a><\/div>\n\n\n\n<p>Pour cela vous devez r\u00e9diger votre CV et lettre de motivation, vous pr\u00e9parer aux tests et entretiens auxquels vous serez soumis.<\/p>\n\n\n\n<p>Une s\u00e9lection est un temps fort, chaque \u00e9tape est cruciale, un d\u00e9tail peut faire la diff\u00e9rence !<br>Le centre des Guyards vous propose un stage de 3 jours pour vous accompagner dans cette phase de votre parcours et optimiser vos chances de r\u00e9ussite.<\/p>\n\n\n\n<p><\/p>\n\n\n\n<p><strong>Prochaines formations :<\/strong><\/p>\n\n\n\n<p><\/p>\n\n\n\n<p>Lieu du stage ATHIS-MONS<br>Co\u00fbt de la formation : 280\u20ac<\/p>\n\n\n\n<p>Pour l&rsquo;inscription t\u00e9l\u00e9chargez et imprimer le dossier ci-dessus.<br>Nous renvoyer ensuite celui-ci \u00e0 l&rsquo;adresse suivante :<\/p>\n\n\n\n<p><strong>Centre Interlines des Guyards<\/strong><br>23 rue des Guyards<br>91200 ATHIS-MONS<\/p>\n\n\n\n<p>A r\u00e9ception du dossier nous vous contacterons, attention cette formation est limit\u00e9e \u00e0 8 participants maximum.<\/p>\n","protected":false},"excerpt":{"rendered":"<p>Fiche d&rsquo;inscription de pr\u00e9paration aux S\u00e9lections Vous \u00eates en train de passer votre CCA ou venez de le passer avec succ\u00e8s, ne perdez pas de temps, abordez d\u00e8s maintenant l&rsquo;\u00e9tape&hellip;<\/p>\n","protected":false},"author":1,"featured_media":0,"parent":0,"menu_order":0,"comment_status":"closed","ping_status":"closed","template":"","meta":[],"_links":{"self":[{"href":"https:\/\/www.lesguyards.com\/index.php\/wp-json\/wp\/v2\/pages\/86"}],"collection":[{"href":"https:\/\/www.lesguyards.com\/index.php\/wp-json\/wp\/v2\/pages"}],"about":[{"href":"https:\/\/www.lesguyards.com\/index.php\/wp-json\/wp\/v2\/types\/page"}],"author":[{"embeddable":true,"href":"https:\/\/www.lesguyards.com\/index.php\/wp-json\/wp\/v2\/users\/1"}],"replies":[{"embeddable":true,"href":"https:\/\/www.lesguyards.com\/index.php\/wp-json\/wp\/v2\/comments?post=86"}],"version-history":[{"count":5,"href":"https:\/\/www.lesguyards.com\/index.php\/wp-json\/wp\/v2\/pages\/86\/revisions"}],"predecessor-version":[{"id":417,"href":"https:\/\/www.lesguyards.com\/index.php\/wp-json\/wp\/v2\/pages\/86\/revisions\/417"}],"wp:attachment":[{"href":"https:\/\/www.lesguyards.com\/index.php\/wp-json\/wp\/v2\/media?parent=86"}],"curies":[{"name":"wp","href":"https:\/\/api.w.org\/{rel}","templated":true}]}}