{"id":92,"date":"2021-12-19T17:57:45","date_gmt":"2021-12-19T16:57:45","guid":{"rendered":"https:\/\/dev.lesguyards.com\/?page_id=92"},"modified":"2024-07-10T11:53:38","modified_gmt":"2024-07-10T09:53:38","slug":"nos-centres","status":"publish","type":"page","link":"https:\/\/www.lesguyards.com\/index.php\/nos-centres\/","title":{"rendered":"Nos centres"},"content":{"rendered":"\n<figure class=\"wp-block-table\"><table><tbody><tr><td><strong><span class=\"has-inline-color has-vivid-cyan-blue-color\">ATHIS-MONS<\/span><\/strong><br><br>Formations th\u00e9orique et pratique<br>Centre interlines des Guyards (CIG)<br>Contact : Mme Laure Blanch\u00e9<br>Tel. 01 49 75 39 60<br>23 rue des Guyards<br>91200 Athis-Mons<br>INSCRIPTION<br><br><\/td><\/tr><tr><td><strong><span class=\"has-inline-color has-vivid-cyan-blue-color\">PARIS <\/span><\/strong><br><br>Formation th\u00e9orique uniquement \/ Pratique sur Athis-Mons<br>Avenir Navigant Formation (ANF)<br>Contact : Mme Catherine Tastevin<br>Tel. 06 62 63 96 14<br>Centre Jouffroy<br>70 Rue Jouffroy D&rsquo;Abbans<br>75017 PARIS<br>DOSSIER A RETOURNER SUR ATHIS-MONS<br>INSCRIPTION<br><\/td><\/tr><tr><td> <br><strong><span class=\"has-inline-color has-vivid-cyan-blue-color\">LYON<\/span><\/strong><br><br>Site ferm\u00e9 temporairement <br><br><br><\/td><\/tr><tr><td><strong><span class=\"has-inline-color has-vivid-cyan-blue-color\">SAINT-DENIS DE LA REUNION<\/span><\/strong><br><br><strong>Le seul Organisme de formation approuv\u00e9 pour la formation Th\u00e9orie et Pratique sur L&rsquo;ile<\/strong><br>Formation th\u00e9orique et pratique dans les locaux de la Compagnie Air-Austral<br>examen CCA pratique avec le centre d&rsquo;examen de la Compagnie Air-Austral<br>contact : aeroruntraining.com<br><\/td><\/tr><tr><td><br>N<strong><span class=\"has-inline-color has-vivid-cyan-blue-color\">OUMEA<\/span><\/strong><br><br>Formation th\u00e9orique uniquement \/ Pratique sur Athis-Mons<br>Centre de Noum\u00e9a<br>Contact : Mr Jean-Marc PIETRI<br>23 rue Bocquet Magenta<br>BP 11557<br>98802 NOUMEA CEDEX<br>Email : f.air.noumea@gmail.com<br><\/td><\/tr><\/tbody><\/table><\/figure>\n\n\n<div class=\"is-default-size wp-block-site-logo\"><a href=\"https:\/\/www.lesguyards.com\/\" class=\"custom-logo-link\" rel=\"home\"><\/a><\/div>\n\n\n<p><\/p>\n","protected":false},"excerpt":{"rendered":"<p>ATHIS-MONS Formations th\u00e9orique et pratiqueCentre interlines des Guyards (CIG)Contact : Mme Laure Blanch\u00e9Tel. 01 49 75 39 6023 rue des Guyards91200 Athis-MonsINSCRIPTION PARIS Formation th\u00e9orique uniquement \/ Pratique sur Athis-MonsAvenir&hellip;<\/p>\n","protected":false},"author":1,"featured_media":0,"parent":0,"menu_order":0,"comment_status":"closed","ping_status":"closed","template":"","meta":[],"_links":{"self":[{"href":"https:\/\/www.lesguyards.com\/index.php\/wp-json\/wp\/v2\/pages\/92"}],"collection":[{"href":"https:\/\/www.lesguyards.com\/index.php\/wp-json\/wp\/v2\/pages"}],"about":[{"href":"https:\/\/www.lesguyards.com\/index.php\/wp-json\/wp\/v2\/types\/page"}],"author":[{"embeddable":true,"href":"https:\/\/www.lesguyards.com\/index.php\/wp-json\/wp\/v2\/users\/1"}],"replies":[{"embeddable":true,"href":"https:\/\/www.lesguyards.com\/index.php\/wp-json\/wp\/v2\/comments?post=92"}],"version-history":[{"count":18,"href":"https:\/\/www.lesguyards.com\/index.php\/wp-json\/wp\/v2\/pages\/92\/revisions"}],"predecessor-version":[{"id":565,"href":"https:\/\/www.lesguyards.com\/index.php\/wp-json\/wp\/v2\/pages\/92\/revisions\/565"}],"wp:attachment":[{"href":"https:\/\/www.lesguyards.com\/index.php\/wp-json\/wp\/v2\/media?parent=92"}],"curies":[{"name":"wp","href":"https:\/\/api.w.org\/{rel}","templated":true}]}}